{"id":2,"date":"2023-03-21T12:08:19","date_gmt":"2023-03-21T11:08:19","guid":{"rendered":"https:\/\/gudo.dev.hayloft-it.ch\/?page_id=2"},"modified":"2026-01-19T10:21:44","modified_gmt":"2026-01-19T09:21:44","slug":"home","status":"publish","type":"page","link":"https:\/\/www.gudo.com\/de\/","title":{"rendered":"Gudo AG"},"content":{"rendered":"\n<div class=\"wp-block-cover alignfull is-light\"><span aria-hidden=\"true\" class=\"wp-block-cover__background has-background-dim-100 has-background-dim has-background-gradient has-white-to-light-grey-gradient-background\"><\/span><div class=\"wp-block-cover__inner-container is-layout-flow wp-block-cover-is-layout-flow\"><div class=\"blaze-slider align wp-block-gudo-slider\" data-slides-to-show=\"1\" data-loop=\"1\">\n    <div class=\"blaze-container\">\n        <div class=\"blaze-track-container\">\n            <div class=\"blaze-track\">\n                                    <div class=\"wp-block-media-text has-media-on-the-right is-stacked-on-mobile\">\n                        <div class=\"wp-block-media-text__content\">\n                            <h2 class=\"title-small\">Wir setzen zusammen neue Grenzen!<\/h2>\n                                                            <p class=\"subtitle\">Unser Hauptfokus besteht darin, auf Ihre einzigartigen Anforderungen zugeschnittene L\u00f6sungen zu entwickeln.<\/p>\n                                                                                        <p class=\"text\"><p>Egal, ob es um eine intelligente Verstellung oder erstklassige Fixierung handelt, wir unterst\u00fctzen Sie w\u00e4hrend des gesamten Prozesses.<\/p>\n<p>Von der Planung bis zur endg\u00fcltigen Umsetzung, sind wir immer f\u00fcr Sie da.<\/p>\n<p>Haben wir Ihr Interesse geweckt?<\/p>\n<\/p>\n                                                                                        <a\n                                    href=\"https:\/\/www.gudo.com\/kontakt\/\"\n                                    target=\"\"\n                                    class=\"wp-element-button\"\n                                                                    >\n                                    Kontaktieren Sie uns jetzt!                                <\/a>\n                                                    <\/div>\n                        <div class=\"wp-block-media-text__media\" data-no-zoom=\"true\">\n                            <img loading=\"lazy\" decoding=\"async\" width=\"1024\" height=\"467\" src=\"https:\/\/www.gudo.com\/wp-content\/uploads\/2023\/08\/gudo-mountain-1024x467.jpg\" class=\"attachment-large size-large\" alt=\"Gudo Mountain\" srcset=\"https:\/\/www.gudo.com\/wp-content\/uploads\/2023\/08\/gudo-mountain-1024x467.jpg 1024w, https:\/\/www.gudo.com\/wp-content\/uploads\/2023\/08\/gudo-mountain-300x137.jpg 300w, https:\/\/www.gudo.com\/wp-content\/uploads\/2023\/08\/gudo-mountain-768x350.jpg 768w, https:\/\/www.gudo.com\/wp-content\/uploads\/2023\/08\/gudo-mountain-1536x701.jpg 1536w, https:\/\/www.gudo.com\/wp-content\/uploads\/2023\/08\/gudo-mountain-18x8.jpg 18w, https:\/\/www.gudo.com\/wp-content\/uploads\/2023\/08\/gudo-mountain.jpg 1688w\" sizes=\"auto, (max-width: 1024px) 100vw, 1024px\" \/>                        <\/div>\n                    <\/div>\n                                    <div class=\"wp-block-media-text has-media-on-the-right is-stacked-on-mobile\">\n                        <div class=\"wp-block-media-text__content\">\n                            <h2 class=\"title-small\">GUDO steht f\u00fcr Innovation.<\/h2>\n                                                            <p class=\"subtitle\">Dank unserer langj\u00e4hrigen Erfahrung und Fachkenntnis haben wir in Zusammenarbeit mit unseren Kunden erfolgreich eine breite Palette von Produkten lanciert.<\/p>\n                                                                                        <p class=\"text\"><p>Lassen Sie sich inspirieren und entdecken Sie die grenzenlosen M\u00f6glichkeiten.<\/p>\n<p>Unser Motto lautet: &#8218;Wo ein Wille ist, ist auch ein Weg&#8216;.<\/p>\n<\/p>\n                                                                                        <a\n                                    href=\"https:\/\/www.gudo.com\/produkte\/\"\n                                    target=\"\"\n                                    class=\"wp-element-button\"\n                                                                    >\n                                    Klicken sie hier um zu den Produkten zu gelangen!                                <\/a>\n                                                    <\/div>\n                        <div class=\"wp-block-media-text__media\" data-no-zoom=\"true\">\n                            <img loading=\"lazy\" decoding=\"async\" width=\"1024\" height=\"424\" src=\"https:\/\/www.gudo.com\/wp-content\/uploads\/2023\/08\/gudo-innovation-1024x424.jpg\" class=\"attachment-large size-large\" alt=\"Gudo Innovation\" srcset=\"https:\/\/www.gudo.com\/wp-content\/uploads\/2023\/08\/gudo-innovation-1024x424.jpg 1024w, https:\/\/www.gudo.com\/wp-content\/uploads\/2023\/08\/gudo-innovation-300x124.jpg 300w, https:\/\/www.gudo.com\/wp-content\/uploads\/2023\/08\/gudo-innovation-768x318.jpg 768w, https:\/\/www.gudo.com\/wp-content\/uploads\/2023\/08\/gudo-innovation-1536x636.jpg 1536w, https:\/\/www.gudo.com\/wp-content\/uploads\/2023\/08\/gudo-innovation-18x7.jpg 18w, https:\/\/www.gudo.com\/wp-content\/uploads\/2023\/08\/gudo-innovation.jpg 1859w\" sizes=\"auto, (max-width: 1024px) 100vw, 1024px\" \/>                        <\/div>\n                    <\/div>\n                                    <div class=\"wp-block-media-text has-media-on-the-right is-stacked-on-mobile\">\n                        <div class=\"wp-block-media-text__content\">\n                            <h2 class=\"title-small\">Wir liefern weltweit!<\/h2>\n                                                            <p class=\"subtitle\">Wir arbeiten eng mit Ihnen zusammen, um Projekte umzusetzen, die auf den ersten Blick m\u00f6glicherweise als unm\u00f6glich erscheinen.<\/p>\n                                                                                        <p class=\"text\"><p>Selbst bei kleinen Projekten sind wir f\u00fcr Sie da, denn Innovation steht bei uns im Vordergrund!<\/p>\n<p>Sollten Sie weitere Informationen ben\u00f6tigen oder Antworten auf h\u00e4ufig gestellte Fragen w\u00fcnschen, besuchen Sie gerne unsere FAQ-Seite.<\/p>\n<\/p>\n                                                                                        <a\n                                    href=\"https:\/\/www.gudo.com\/unternehmen\/faq\/\"\n                                    target=\"\"\n                                    class=\"wp-element-button\"\n                                                                    >\n                                    Wir kl\u00e4ren Ihre Fragen im FAQ                                <\/a>\n                                                    <\/div>\n                        <div class=\"wp-block-media-text__media\" data-no-zoom=\"true\">\n                            <img loading=\"lazy\" decoding=\"async\" width=\"1024\" height=\"424\" src=\"https:\/\/www.gudo.com\/wp-content\/uploads\/2023\/09\/iStock-1371563638-1024x424.jpg\" class=\"attachment-large size-large\" alt=\"Projekte Gudo\" srcset=\"https:\/\/www.gudo.com\/wp-content\/uploads\/2023\/09\/iStock-1371563638-1024x424.jpg 1024w, https:\/\/www.gudo.com\/wp-content\/uploads\/2023\/09\/iStock-1371563638-300x124.jpg 300w, https:\/\/www.gudo.com\/wp-content\/uploads\/2023\/09\/iStock-1371563638-768x318.jpg 768w, https:\/\/www.gudo.com\/wp-content\/uploads\/2023\/09\/iStock-1371563638-1536x636.jpg 1536w, https:\/\/www.gudo.com\/wp-content\/uploads\/2023\/09\/iStock-1371563638-2048x848.jpg 2048w, https:\/\/www.gudo.com\/wp-content\/uploads\/2023\/09\/iStock-1371563638-18x7.jpg 18w\" sizes=\"auto, (max-width: 1024px) 100vw, 1024px\" \/>                        <\/div>\n                    <\/div>\n                            <\/div>\n        <\/div>\n    <\/div>\n    <div class=\"blaze-pagination\"><\/div>\n    <\/div>\n<\/div><\/div>\n\n\n\n<div class=\"wp-block-group alignfull is-style-shifted-up has-primary-background-color has-background is-layout-constrained wp-block-group-is-layout-constrained\" id=\"content\">\n<div class=\"wp-block-columns alignwide is-layout-flex wp-container-core-columns-is-layout-9d6595d7 wp-block-columns-is-layout-flex\">\n<div class=\"wp-block-column is-layout-flow wp-block-column-is-layout-flow\">\n<h2 class=\"wp-block-heading\">Dienstleistungen<\/h2>\n\n\n\n<p>Als l\u00f6sungsorientiertes Unternehmen unterst\u00fctzt Sie Gudo, Produkte im Markt ausgereift zu lancieren.<\/p>\n\n\n\n<p>Gerne stellen wir Ihnen unser exzellentes Know-how, von der Beratung \u00fcber die Produktion bis hin zur erfolgreichen Markteinf\u00fchrung ihres Produktes zur Verf\u00fcgung.<\/p>\n\n\n\n<div class=\"wp-block-buttons is-layout-flex wp-block-buttons-is-layout-flex\">\n<div class=\"wp-block-button\"><a class=\"wp-block-button__link wp-element-button\" href=\"https:\/\/www.gudo.com\/dienstleistungen\/\">unsere Dienstleistungen<\/a><\/div>\n<\/div>\n<\/div>\n\n\n\n<div class=\"wp-block-column is-layout-flow wp-block-column-is-layout-flow\">\n<h2 class=\"wp-block-heading\">Produkte<\/h2>\n\n\n\n<p>Gudo bietet ein grosses Produktespektrum f\u00fcr Verschl\u00fcsse und Komponenten an. Das sind Dreh- und Spannverschl\u00fcsse, Clips, Ratschensysteme oder Spezialprodukte. <\/p>\n\n\n\n<p>Wo ein Verstellen, Justieren und Spannen gefragt ist, haben wir sicher eine L\u00f6sung f\u00fcr Sie bereit.<\/p>\n\n\n\n<div class=\"wp-block-buttons is-layout-flex wp-block-buttons-is-layout-flex\">\n<div class=\"wp-block-button\"><a class=\"wp-block-button__link wp-element-button\" href=\"https:\/\/www.gudo.com\/produkte\/\">zum Produktsortiment<\/a><\/div>\n<\/div>\n<\/div>\n\n\n\n<div class=\"wp-block-column is-layout-flow wp-block-column-is-layout-flow\">\n<h2 class=\"wp-block-heading\">Branchen<\/h2>\n\n\n\n<p>Durch die vielseitigen Anwendungsm\u00f6glichkeiten unserer Produkte sind dem Einsatz kaum Grenzen gesetzt. <\/p>\n\n\n\n<p>Die Systeme werden in den unterschiedlichsten M\u00e4rkten wie Sport, Industrie, Orthop\u00e4die, Automotive und Arbeitsschutz eingesetzt.<\/p>\n\n\n\n<div class=\"wp-block-buttons is-layout-flex wp-block-buttons-is-layout-flex\">\n<div class=\"wp-block-button\"><a class=\"wp-block-button__link wp-element-button\" href=\"https:\/\/www.gudo.com\/branchen\/\">zu den Branchen<\/a><\/div>\n<\/div>\n<\/div>\n<\/div>\n\n\n\n<div class=\"wp-block-media-text alignwide is-stacked-on-mobile\"><figure class=\"wp-block-media-text__media\" data-no-zoom=\"true\"><img loading=\"lazy\" decoding=\"async\" width=\"1024\" height=\"543\" src=\"https:\/\/www.gudo.com\/wp-content\/uploads\/2023\/03\/gudo_gebaeude-1024x543.jpg\" alt=\"Gudo Gebaeude\" class=\"wp-image-579 size-full\" srcset=\"https:\/\/www.gudo.com\/wp-content\/uploads\/2023\/03\/gudo_gebaeude-1024x543.jpg 1024w, https:\/\/www.gudo.com\/wp-content\/uploads\/2023\/03\/gudo_gebaeude-300x159.jpg 300w, https:\/\/www.gudo.com\/wp-content\/uploads\/2023\/03\/gudo_gebaeude-768x408.jpg 768w, https:\/\/www.gudo.com\/wp-content\/uploads\/2023\/03\/gudo_gebaeude-18x10.jpg 18w, https:\/\/www.gudo.com\/wp-content\/uploads\/2023\/03\/gudo_gebaeude.jpg 1334w\" sizes=\"auto, (max-width: 1024px) 100vw, 1024px\" \/><\/figure><div class=\"wp-block-media-text__content\">\n<p class=\"has-medium-font-size\">Sie suchen eine L\u00f6sung f\u00fcr eine definierte Verstellung oder eine erstklassige Fixierung? <\/p>\n\n\n\n<p class=\"has-quite-large-font-size\">Dann sind wir der richtige Partner f\u00fcr Sie.<\/p>\n\n\n\n<div class=\"wp-block-buttons is-layout-flex wp-block-buttons-is-layout-flex\">\n<div class=\"wp-block-button\"><a class=\"wp-block-button__link wp-element-button\" href=\"https:\/\/www.gudo.com\/kontakt\/\">Kontaktieren Sie uns<\/a><\/div>\n<\/div>\n<\/div><\/div>\n<\/div>\n\n\n\n<div class=\"wp-block-columns alignwide large-column-right is-layout-flex wp-container-core-columns-is-layout-9d6595d7 wp-block-columns-is-layout-flex\">\n<div class=\"wp-block-column is-layout-flow wp-block-column-is-layout-flow\">\n<h1 class=\"wp-block-heading has-large-font-size\">Gudo AG<\/h1>\n<\/div>\n\n\n\n<div class=\"wp-block-column is-layout-flow wp-block-column-is-layout-flow\">\n<p>Die Gudo AG ist ein angesehener Anbieter von hochwertigen Verschlusssystemen in verschiedenen Branchen wie Industrie, Sport, Orthop\u00e4die, Automotive und Arbeitsschutz. Unsere Produkte haben weltweit einen ausgezeichneten Ruf und werden von namhaften Herstellern weltweit in verschiedenen Bereichen verwendet.<\/p>\n\n\n\n<p>Dr\u00fcber hinaus sind wir auch stark im Bereich Fahrradtr\u00e4ger vertreten, da unsere Verschl\u00fcsse eine zuverl\u00e4ssige Befestigung und Justierung erm\u00f6glichen. Unsere Produkte werden in unserem Werk in Lupfig entwickelt, hergestellt und vertrieben &#8211; Made in Switzerland.<\/p>\n\n\n\n<div class=\"wp-block-buttons is-layout-flex wp-block-buttons-is-layout-flex\">\n<div class=\"wp-block-button\"><a class=\"wp-block-button__link wp-element-button\" href=\"https:\/\/www.gudo.com\/unternehmen\/\">mehr zum Unternehmen<\/a><\/div>\n<\/div>\n<\/div>\n<\/div>\n\n\n\n<div class=\"wp-block-columns alignwide large-column-right is-layout-flex wp-container-core-columns-is-layout-9d6595d7 wp-block-columns-is-layout-flex\">\n<div class=\"wp-block-column is-layout-flow wp-block-column-is-layout-flow\">\n<h2 class=\"wp-block-heading\">Blog<\/h2>\n\n\n\n<p> Bleiben Sie immer informiert!<\/p>\n\n\n\n<p>Entdecken Sie hier unseren Blog und erfahren Sie alles \u00fcber die neuesten Geschehnisse.<\/p>\n\n\n\n<div class=\"wp-block-buttons is-layout-flex wp-block-buttons-is-layout-flex\">\n<div class=\"wp-block-button\"><a class=\"wp-block-button__link wp-element-button\" href=\"https:\/\/www.gudo.com\/blog\/\">alle Blogartikel<\/a><\/div>\n<\/div>\n<\/div>\n\n\n\n<div class=\"wp-block-column is-layout-flow wp-block-column-is-layout-flow\"><turbo-frame id=\"posts\" class=\"alignfull is-layout-constrained\" data-turbo=\"true\">\n    <div class=\"align wp-block-gudo-posts\">\n                    <a class=\"teaser post-1942 post type-post status-publish format-standard has-post-thumbnail hentry\" href=\"https:\/\/www.gudo.com\/de\/hebelverschluesse-einsatzgebiete-und-auswahlkriterien\/\"\">\n    <div class=\"image-wrapper\">\n        <img loading=\"lazy\" decoding=\"async\" width=\"600\" height=\"400\" src=\"https:\/\/www.gudo.com\/wp-content\/uploads\/2023\/03\/gudo-tvc-clip-bend-offen.jpg\" class=\"attachment-large size-large wp-post-image\" alt=\"TVC\" srcset=\"https:\/\/www.gudo.com\/wp-content\/uploads\/2023\/03\/gudo-tvc-clip-bend-offen.jpg 600w, https:\/\/www.gudo.com\/wp-content\/uploads\/2023\/03\/gudo-tvc-clip-bend-offen-300x200.jpg 300w, https:\/\/www.gudo.com\/wp-content\/uploads\/2023\/03\/gudo-tvc-clip-bend-offen-18x12.jpg 18w\" sizes=\"auto, (max-width: 600px) 100vw, 600px\" \/>    <\/div>\n    <div class=\"data-wrapper\">\n        <h3 class=\"title\">Hebelverschl\u00fcsse: Einsatzgebiete und Auswahlkriterien\u00a0<\/h3>\n                    <p class=\"excerpt\">Ein Hebelverschluss bietet eine simple, aber effektive M\u00f6glichkeit, Objekte wie Skischuhe oder Velohelme sicher zu verschliessen. <\/p>\n                            <span class=\"wp-element-button\">weiterlesen<\/span>\n            <\/div>\n<\/a>\n                    <a class=\"teaser post-1937 post type-post status-publish format-standard has-post-thumbnail hentry\" href=\"https:\/\/www.gudo.com\/de\/innovative-schnellverschluesse-fuer-jede-herausforderung\/\"\">\n    <div class=\"image-wrapper\">\n        <img loading=\"lazy\" decoding=\"async\" width=\"752\" height=\"493\" src=\"https:\/\/www.gudo.com\/wp-content\/uploads\/2024\/12\/schnellverschluss.jpg\" class=\"attachment-large size-large wp-post-image\" alt=\"Schnellverschluss\" srcset=\"https:\/\/www.gudo.com\/wp-content\/uploads\/2024\/12\/schnellverschluss.jpg 752w, https:\/\/www.gudo.com\/wp-content\/uploads\/2024\/12\/schnellverschluss-300x197.jpg 300w, https:\/\/www.gudo.com\/wp-content\/uploads\/2024\/12\/schnellverschluss-18x12.jpg 18w\" sizes=\"auto, (max-width: 752px) 100vw, 752px\" \/>    <\/div>\n    <div class=\"data-wrapper\">\n        <h3 class=\"title\">Innovative Schnellverschl\u00fcsse f\u00fcr jede Herausforderung<\/h3>\n                    <p class=\"excerpt\">Ein Schnellverschluss zeichnet sich dadurch aus, dass er sich sehr leicht bedienen l\u00e4sst. Entdecken Sie bei Gudo verschiedene Modelle.<\/p>\n                            <span class=\"wp-element-button\">weiterlesen<\/span>\n            <\/div>\n<\/a>\n            <\/div>\n<\/turbo-frame><\/div>\n<\/div>\n","protected":false},"excerpt":{"rendered":"<p>Dienstleistungen Als l\u00f6sungsorientiertes Unternehmen unterst\u00fctzt Sie Gudo, Produkte im Markt ausgereift zu lancieren. Gerne stellen wir Ihnen unser exzellentes Know-how, von der Beratung \u00fcber die Produktion bis hin zur erfolgreichen Markteinf\u00fchrung ihres Produktes zur Verf\u00fcgung. Produkte Gudo bietet ein grosses Produktespektrum f\u00fcr Verschl\u00fcsse und Komponenten an. Das sind Dreh- und Spannverschl\u00fcsse, Clips, Ratschensysteme oder Spezialprodukte. [&hellip;]<\/p>\n","protected":false},"author":1,"featured_media":0,"parent":0,"menu_order":0,"comment_status":"closed","ping_status":"closed","template":"","meta":{"footnotes":""},"class_list":["post-2","page","type-page","status-publish","hentry"],"acf":[],"_links":{"self":[{"href":"https:\/\/www.gudo.com\/de\/wp-json\/wp\/v2\/pages\/2","targetHints":{"allow":["GET"]}}],"collection":[{"href":"https:\/\/www.gudo.com\/de\/wp-json\/wp\/v2\/pages"}],"about":[{"href":"https:\/\/www.gudo.com\/de\/wp-json\/wp\/v2\/types\/page"}],"author":[{"embeddable":true,"href":"https:\/\/www.gudo.com\/de\/wp-json\/wp\/v2\/users\/1"}],"replies":[{"embeddable":true,"href":"https:\/\/www.gudo.com\/de\/wp-json\/wp\/v2\/comments?post=2"}],"version-history":[{"count":0,"href":"https:\/\/www.gudo.com\/de\/wp-json\/wp\/v2\/pages\/2\/revisions"}],"wp:attachment":[{"href":"https:\/\/www.gudo.com\/de\/wp-json\/wp\/v2\/media?parent=2"}],"curies":[{"name":"wp","href":"https:\/\/api.w.org\/{rel}","templated":true}]}}