{"id":513,"date":"2023-03-22T16:14:19","date_gmt":"2023-03-22T15:14:19","guid":{"rendered":"https:\/\/gudo.dev.hayloft-it.ch\/?page_id=513"},"modified":"2026-02-18T07:43:49","modified_gmt":"2026-02-18T06:43:49","slug":"unternehmen","status":"publish","type":"page","link":"https:\/\/www.gudo.com\/de\/unternehmen\/","title":{"rendered":"Unternehmen"},"content":{"rendered":"\n<div class=\"wp-block-cover alignwide is-light\"><span aria-hidden=\"true\" class=\"wp-block-cover__background has-background-dim-0 has-background-dim\"><\/span><img loading=\"lazy\" decoding=\"async\" width=\"1334\" height=\"708\" class=\"wp-block-cover__image-background wp-image-579\" alt=\"Gudo Gebaeude\" src=\"https:\/\/www.gudo.com\/wp-content\/uploads\/2023\/03\/gudo_gebaeude.jpg\" style=\"object-position:48% 7%\" data-object-fit=\"cover\" data-object-position=\"48% 7%\" srcset=\"https:\/\/www.gudo.com\/wp-content\/uploads\/2023\/03\/gudo_gebaeude.jpg 1334w, https:\/\/www.gudo.com\/wp-content\/uploads\/2023\/03\/gudo_gebaeude-300x159.jpg 300w, https:\/\/www.gudo.com\/wp-content\/uploads\/2023\/03\/gudo_gebaeude-1024x543.jpg 1024w, https:\/\/www.gudo.com\/wp-content\/uploads\/2023\/03\/gudo_gebaeude-768x408.jpg 768w, https:\/\/www.gudo.com\/wp-content\/uploads\/2023\/03\/gudo_gebaeude-18x10.jpg 18w\" sizes=\"auto, (max-width: 1334px) 100vw, 1334px\" \/><div class=\"wp-block-cover__inner-container is-layout-flow wp-block-cover-is-layout-flow\">\n<p class=\"has-text-align-center has-large-font-size\"><\/p>\n<\/div><\/div>\n\n\n\n<h1 class=\"wp-block-heading\">Gudo AG<\/h1>\n\n\n\n<p>Die Firma Gudo AG hat sich auf die Produktion von Verschl\u00fcssen spezialisiert, aber wir k\u00f6nnen in der Regel jede Herausforderung oder Anforderung im Bereich Kunststoffteile l\u00f6sen. Unsere hochwertigen Systeme finden Anwendung in den Bereichen Industrie, Sport, Orthop\u00e4die, Automotive und Arbeitsschutz. Weltweit sind unsere Verschl\u00fcsse auch f\u00fcr ihre Verwendung im Helmsektor zur Anpassung der Kopfgr\u00f6sse bekannt.<\/p>\n\n\n\n<p>Besonders stark sind wir auch im Bereich Fahrradtr\u00e4ger vertreten. Wo immer Fixierung oder Justierung erforderlich ist, k\u00f6nnen Sie auf uns z\u00e4hlen. Unsere Produkte werden in unserem Werk in Lupfig entwickelt, hergestellt und vertrieben &#8211; und tragen das Qualit\u00e4tssiegel &#8222;Made in Switzerland&#8220;.<\/p>\n\n\n<div class=\"alignwide wp-block-gudo-teasers\">\n<a class=\"wp-block-gudo-teaser\" href=\"https:\/\/www.gudo.com\/unternehmen\/team\/\">\n    <div class=\"image-wrapper\">\n        <img loading=\"lazy\" decoding=\"async\" width=\"1148\" height=\"759\" src=\"https:\/\/www.gudo.com\/wp-content\/uploads\/2026\/02\/Gruppenfoto-1.jpg\" class=\"attachment-teaser size-teaser\" alt=\"Teamfoto\" srcset=\"https:\/\/www.gudo.com\/wp-content\/uploads\/2026\/02\/Gruppenfoto-1.jpg 1148w, https:\/\/www.gudo.com\/wp-content\/uploads\/2026\/02\/Gruppenfoto-1-300x198.jpg 300w, https:\/\/www.gudo.com\/wp-content\/uploads\/2026\/02\/Gruppenfoto-1-1024x677.jpg 1024w, https:\/\/www.gudo.com\/wp-content\/uploads\/2026\/02\/Gruppenfoto-1-768x508.jpg 768w, https:\/\/www.gudo.com\/wp-content\/uploads\/2026\/02\/Gruppenfoto-1-18x12.jpg 18w\" sizes=\"auto, (max-width: 1148px) 100vw, 1148px\" \/>    <\/div>\n    <h3 class=\"title\">Team<\/h3>\n            <p class=\"excerpt\">Wir m\u00f6chten Ihnen gerne unser Team vorstellen \u2013 eine Gruppe von motivierten und engagierten Mitgliedern, die das Fundament unseres Erfolgs bilden.<\/p>\n        <span class=\"wp-element-button\">mehr erfahren<\/span>\n<\/a>\n\n\n<a class=\"wp-block-gudo-teaser\" href=\"https:\/\/www.gudo.com\/unternehmen\/faq\/\">\n    <div class=\"image-wrapper\">\n        <img loading=\"lazy\" decoding=\"async\" width=\"1334\" height=\"708\" src=\"https:\/\/www.gudo.com\/wp-content\/uploads\/2023\/03\/gudo_gebaeude.jpg\" class=\"attachment-teaser size-teaser\" alt=\"Gudo Gebaeude\" srcset=\"https:\/\/www.gudo.com\/wp-content\/uploads\/2023\/03\/gudo_gebaeude.jpg 1334w, https:\/\/www.gudo.com\/wp-content\/uploads\/2023\/03\/gudo_gebaeude-300x159.jpg 300w, https:\/\/www.gudo.com\/wp-content\/uploads\/2023\/03\/gudo_gebaeude-1024x543.jpg 1024w, https:\/\/www.gudo.com\/wp-content\/uploads\/2023\/03\/gudo_gebaeude-768x408.jpg 768w, https:\/\/www.gudo.com\/wp-content\/uploads\/2023\/03\/gudo_gebaeude-18x10.jpg 18w\" sizes=\"auto, (max-width: 1334px) 100vw, 1334px\" \/>    <\/div>\n    <h3 class=\"title\">FAQ<\/h3>\n            <p class=\"excerpt\">Hier finden Sie Antworten auf h\u00e4ufig gestellte Fragen zu unseren Produkten und Dienstleistungen.<\/p>\n        <span class=\"wp-element-button\">mehr erfahren<\/span>\n<\/a>\n\n\n<a class=\"wp-block-gudo-teaser\" href=\"https:\/\/www.gudo.com\/unternehmen\/jobs\/\">\n    <div class=\"image-wrapper\">\n        <img loading=\"lazy\" decoding=\"async\" width=\"530\" height=\"250\" src=\"https:\/\/www.gudo.com\/wp-content\/uploads\/2023\/07\/gudo-firmengebaeude.jpg\" class=\"attachment-teaser size-teaser\" alt=\"Gudo Firmengebaeude\" srcset=\"https:\/\/www.gudo.com\/wp-content\/uploads\/2023\/07\/gudo-firmengebaeude.jpg 530w, https:\/\/www.gudo.com\/wp-content\/uploads\/2023\/07\/gudo-firmengebaeude-300x142.jpg 300w, https:\/\/www.gudo.com\/wp-content\/uploads\/2023\/07\/gudo-firmengebaeude-18x8.jpg 18w\" sizes=\"auto, (max-width: 530px) 100vw, 530px\" \/>    <\/div>\n    <h3 class=\"title\">Jobs<\/h3>\n            <p class=\"excerpt\">Werden Sie Teil unseres Teams bei der Gudo AG. Wir spezialisieren uns auf die Entwicklung, Produktion und den Verkauf von Verschlusssystemen sowie kundenspezifischen Produkten, Einzelteilen und Baugruppen aus Kunststoff und Metall.<\/p>\n        <span class=\"wp-element-button\">mehr erfahren<\/span>\n<\/a>\n\n<\/div>\n\n\n\n<h2 class=\"wp-block-heading has-text-align-center\"><\/h2>\n\n\n\n<p><\/p>\n\n\n\n<div class=\"wp-block-media-text alignwide is-stacked-on-mobile\"><figure class=\"wp-block-media-text__media\" data-no-zoom=\"true\"><img loading=\"lazy\" decoding=\"async\" width=\"530\" height=\"250\" src=\"https:\/\/www.gudo.com\/wp-content\/uploads\/2023\/07\/gudo-firmengebaeude.jpg\" alt=\"Firmengeschichte\" class=\"wp-image-924 size-full\" srcset=\"https:\/\/www.gudo.com\/wp-content\/uploads\/2023\/07\/gudo-firmengebaeude.jpg 530w, https:\/\/www.gudo.com\/wp-content\/uploads\/2023\/07\/gudo-firmengebaeude-300x142.jpg 300w, https:\/\/www.gudo.com\/wp-content\/uploads\/2023\/07\/gudo-firmengebaeude-18x8.jpg 18w\" sizes=\"auto, (max-width: 530px) 100vw, 530px\" \/><figcaption>Ehemaliges Firmengeb\u00e4ude in Oetwil am See.<\/figcaption><\/figure><div class=\"wp-block-media-text__content\">\n<h2 class=\"wp-block-heading\">Firmengeschichte<\/h2>\n\n\n\n<p>Im Jahr 1973 wurde die Partnerschaft \u201cGuggenberger &amp; Dobler\u201d (Gudo) in die \u201cGuggenberger &amp; Dobler, Stanzerei und Werkzeugbau AG\u201d umfirmiert. Zwei Jahre sp\u00e4ter, am 14. Juli 1975, wurde das Unternehmen als \u201cGudo AG, Metallwarenfabrik\u201d ins Handelsregister eingetragen. Im Jahr 1995 erfolgte eine erneute Namens\u00e4nderung, und seitdem heisst es \u201cGUDO AG&#8220;.<\/p>\n\n\n\n<p><\/p>\n<\/div><\/div>\n\n\n\n<p>Aufgrund des positiven Wachstums der Gudo AG wurde im Jahr 1981 ein Industriegrundst\u00fcck in Oetwil am See erworben. Im August 1988 konnte das neue Betriebsgeb\u00e4ude in Betrieb genommen werden. Neben einer gut ausgestatteten Produktion wurden nun auch die Kunststoffteile intern hergestellt und es wurden eine Pulverbeschichtungsanlage sowie eine moderne Werkzeugmacherei installiert.<\/p>\n\n\n\n<p>Im Jahr 1985 trennten sich die beiden Gr\u00fcnder der Gudo AG, und Herr Guggenberger \u00fcbernahm das Unternehmen. Im Februar 1990 entschied sich Herr Guggenberger aus verschiedenen Gr\u00fcnden dazu, die Firma an R. Burkhart zu verkaufen.<\/p>\n\n\n\n<p>Der bisherige erfolgreiche Verlauf der Gudo AG wurde durch den unerwarteten Zusammenbruch ihres Hauptkunden, der Firma Raichle AG, unterbrochen. Allerdings konnte ein Grossteil der Verluste durch die Einf\u00fchrung des neuen Verschlusstyps \u201cMega\u201d im Snowboardbereich ausgeglichen werden. Dar\u00fcber hinaus hat die Erschliessung des Helmmarkts mit Ratschen- oder Drehverschl\u00fcssen zur Gr\u00f6ssenanpassung einen neuen Markt er\u00f6ffnet. Schliesslich wurde die f\u00fchrende Position im Bereich der Helmverschl\u00fcsse durch die \u00dcbernahme der Produktion und der Patentrechte von Swock AG weiter gest\u00e4rkt.<\/p>\n\n\n\n<div class=\"wp-block-media-text alignwide has-media-on-the-right is-stacked-on-mobile\"><div class=\"wp-block-media-text__content\">\n<h2 class=\"wp-block-heading\">Enrico Maraffio als neuer CEO<\/h2>\n\n\n\n<p>Gleichzeitig erfolgte der Eintritt in den Markt f\u00fcr \u201cAutomobilzubeh\u00f6r\u201d mit Ratschenverschl\u00fcssen, der mittlerweile einer der gr\u00f6ssten und wichtigsten Bereiche f\u00fcr Gudo AG geworden ist.<\/p>\n\n\n\n<p>Die Nachfolge von R. Burkhart wurde im Jahr 2010 mit Enrico Maraffio als neuem CEO eingeleitet. Am 22. Juni 2012 wurde die Gudo AG \u00fcbernommen und das Aktienkapital \u00fcbertragen.<\/p>\n<\/div><figure class=\"wp-block-media-text__media\" data-no-zoom=\"true\"><img loading=\"lazy\" decoding=\"async\" width=\"600\" height=\"400\" src=\"https:\/\/www.gudo.com\/wp-content\/uploads\/2023\/07\/gudo-inhaber-maraffio.jpg\" alt=\"Enrico Maraffio als neuer CEO\" class=\"wp-image-930 size-full\" srcset=\"https:\/\/www.gudo.com\/wp-content\/uploads\/2023\/07\/gudo-inhaber-maraffio.jpg 600w, https:\/\/www.gudo.com\/wp-content\/uploads\/2023\/07\/gudo-inhaber-maraffio-300x200.jpg 300w, https:\/\/www.gudo.com\/wp-content\/uploads\/2023\/07\/gudo-inhaber-maraffio-18x12.jpg 18w\" sizes=\"auto, (max-width: 600px) 100vw, 600px\" \/><figcaption>22. Juni 2012 &#8211; Gesch\u00e4fts\u00fcbergabe von R. Burkhard an E. Maraffio<\/figcaption><\/figure><\/div>\n\n\n\n<figure class=\"wp-block-gallery has-nested-images columns-default is-cropped wp-block-gallery-1 is-layout-flex wp-block-gallery-is-layout-flex\">\n<figure data-no-zoom=\"true\" class=\"wp-block-image size-full\"><a href=\"https:\/\/www.gudo.com\/wp-content\/uploads\/2023\/07\/gudo-firmengebaeude.jpg\"><img loading=\"lazy\" decoding=\"async\" width=\"530\" height=\"250\" data-id=\"924\" src=\"https:\/\/www.gudo.com\/wp-content\/uploads\/2023\/07\/gudo-firmengebaeude.jpg\" alt=\"Ehemaliges Firmengeb\u00e4ude in Oetwil am See\" class=\"wp-image-924\" srcset=\"https:\/\/www.gudo.com\/wp-content\/uploads\/2023\/07\/gudo-firmengebaeude.jpg 530w, https:\/\/www.gudo.com\/wp-content\/uploads\/2023\/07\/gudo-firmengebaeude-300x142.jpg 300w, https:\/\/www.gudo.com\/wp-content\/uploads\/2023\/07\/gudo-firmengebaeude-18x8.jpg 18w\" sizes=\"auto, (max-width: 530px) 100vw, 530px\" \/><\/a><figcaption class=\"wp-element-caption\">Ehemaliges Firmengeb\u00e4ude in Oetwil am See<\/figcaption><\/figure>\n\n\n\n<figure data-no-zoom=\"true\" class=\"wp-block-image size-full is-style-default\"><a href=\"https:\/\/www.gudo.com\/wp-content\/uploads\/2023\/07\/gudo-rohbau.jpg\"><img loading=\"lazy\" decoding=\"async\" width=\"600\" height=\"450\" data-id=\"932\" src=\"https:\/\/www.gudo.com\/wp-content\/uploads\/2023\/07\/gudo-rohbau.jpg\" alt=\"Gudo Rohbau\" class=\"wp-image-932\" srcset=\"https:\/\/www.gudo.com\/wp-content\/uploads\/2023\/07\/gudo-rohbau.jpg 600w, https:\/\/www.gudo.com\/wp-content\/uploads\/2023\/07\/gudo-rohbau-300x225.jpg 300w, https:\/\/www.gudo.com\/wp-content\/uploads\/2023\/07\/gudo-rohbau-16x12.jpg 16w\" sizes=\"auto, (max-width: 600px) 100vw, 600px\" \/><\/a><figcaption class=\"wp-element-caption\">April 2016 &#8211; Erweiterung des Maschinenparkes, fokussierung auf das Kunststoffspritzgiessen<\/figcaption><\/figure>\n\n\n\n<figure data-no-zoom=\"true\" class=\"wp-block-image size-full\"><a href=\"https:\/\/www.gudo.com\/wp-content\/uploads\/2023\/07\/gudo-halle-leer.jpg\"><img loading=\"lazy\" decoding=\"async\" width=\"600\" height=\"337\" data-id=\"929\" src=\"https:\/\/www.gudo.com\/wp-content\/uploads\/2023\/07\/gudo-halle-leer.jpg\" alt=\"Ehemaliges Firmengeb\u00e4ude in Oetwil am See\" class=\"wp-image-929\" srcset=\"https:\/\/www.gudo.com\/wp-content\/uploads\/2023\/07\/gudo-halle-leer.jpg 600w, https:\/\/www.gudo.com\/wp-content\/uploads\/2023\/07\/gudo-halle-leer-300x169.jpg 300w, https:\/\/www.gudo.com\/wp-content\/uploads\/2023\/07\/gudo-halle-leer-18x10.jpg 18w\" sizes=\"auto, (max-width: 600px) 100vw, 600px\" \/><\/a><figcaption class=\"wp-element-caption\">Ehemaliges Firmengeb\u00e4ude in Oetwil am See<\/figcaption><\/figure>\n\n\n\n<figure data-no-zoom=\"true\" class=\"wp-block-image size-full\"><a href=\"https:\/\/www.gudo.com\/wp-content\/uploads\/2023\/07\/gudo-neuste-SGM10.jpg\"><img loading=\"lazy\" decoding=\"async\" width=\"600\" height=\"450\" data-id=\"931\" src=\"https:\/\/www.gudo.com\/wp-content\/uploads\/2023\/07\/gudo-neuste-SGM10.jpg\" alt=\"April 2016 - Erweiterung des Maschinenparkes, fokussierung auf das Kunststoffspritzgiessen\" class=\"wp-image-931\" srcset=\"https:\/\/www.gudo.com\/wp-content\/uploads\/2023\/07\/gudo-neuste-SGM10.jpg 600w, https:\/\/www.gudo.com\/wp-content\/uploads\/2023\/07\/gudo-neuste-SGM10-300x225.jpg 300w, https:\/\/www.gudo.com\/wp-content\/uploads\/2023\/07\/gudo-neuste-SGM10-16x12.jpg 16w\" sizes=\"auto, (max-width: 600px) 100vw, 600px\" \/><\/a><figcaption class=\"wp-element-caption\">April 2016 &#8211; Erweiterung des Maschinenparkes, fokussierung auf das Kunststoffspritzgiessen<\/figcaption><\/figure>\n\n\n\n<figure data-no-zoom=\"true\" class=\"wp-block-image size-full\"><a href=\"https:\/\/www.gudo.com\/wp-content\/uploads\/2023\/07\/gudo-gebaeude-komplett.jpg\"><img loading=\"lazy\" decoding=\"async\" width=\"600\" height=\"337\" data-id=\"928\" src=\"https:\/\/www.gudo.com\/wp-content\/uploads\/2023\/07\/gudo-gebaeude-komplett.jpg\" alt=\"Januar 2015 - Umzug nach Lupfig\" class=\"wp-image-928\" srcset=\"https:\/\/www.gudo.com\/wp-content\/uploads\/2023\/07\/gudo-gebaeude-komplett.jpg 600w, https:\/\/www.gudo.com\/wp-content\/uploads\/2023\/07\/gudo-gebaeude-komplett-300x169.jpg 300w, https:\/\/www.gudo.com\/wp-content\/uploads\/2023\/07\/gudo-gebaeude-komplett-18x10.jpg 18w\" sizes=\"auto, (max-width: 600px) 100vw, 600px\" \/><\/a><figcaption class=\"wp-element-caption\">Januar 2015 &#8211; Umzug nach Lupfig<\/figcaption><\/figure>\n<\/figure>\n\n\n\n<div class=\"wp-block-media-text alignwide is-stacked-on-mobile\"><figure class=\"wp-block-media-text__media\" data-no-zoom=\"true\"><img loading=\"lazy\" decoding=\"async\" width=\"600\" height=\"337\" src=\"https:\/\/www.gudo.com\/wp-content\/uploads\/2023\/07\/gudo-gebaeude-komplett.jpg\" alt=\"Er\u00f6ffnung des neuen Werks in Lupfig im Jahre 2015\" class=\"wp-image-928 size-full\" srcset=\"https:\/\/www.gudo.com\/wp-content\/uploads\/2023\/07\/gudo-gebaeude-komplett.jpg 600w, https:\/\/www.gudo.com\/wp-content\/uploads\/2023\/07\/gudo-gebaeude-komplett-300x169.jpg 300w, https:\/\/www.gudo.com\/wp-content\/uploads\/2023\/07\/gudo-gebaeude-komplett-18x10.jpg 18w\" sizes=\"auto, (max-width: 600px) 100vw, 600px\" \/><figcaption>Januar 2015 &#8211; Umzug nach Lupfig<\/figcaption><\/figure><div class=\"wp-block-media-text__content\">\n<h2 class=\"wp-block-heading\">Er\u00f6ffnung des neuen Werks in Lupfig im Jahre 2015<\/h2>\n\n\n\n<p>Gleichzeitig wurden die Stanz- und Pulverbeschichtungsprozesse an externe Partner \u00fcbergeben. Ausserdem wurde in die Kunststoffspritztechnologie (2-Komponenten-Technologie) investiert und der Fokus auf die Entwicklungst\u00e4tigkeiten (sowohl kundenspezifisch als auch eigene Entwicklungen) verst\u00e4rkt. Eine kontinuierliche Ver\u00e4nderung bedeutet gleichzeitig eine st\u00e4ndige Weiterentwicklung.<\/p>\n<\/div><\/div>\n","protected":false},"excerpt":{"rendered":"<p>Gudo AG Die Firma Gudo AG hat sich auf die Produktion von Verschl\u00fcssen spezialisiert, aber wir k\u00f6nnen in der Regel jede Herausforderung oder Anforderung im Bereich Kunststoffteile l\u00f6sen. Unsere hochwertigen Systeme finden Anwendung in den Bereichen Industrie, Sport, Orthop\u00e4die, Automotive und Arbeitsschutz. Weltweit sind unsere Verschl\u00fcsse auch f\u00fcr ihre Verwendung im Helmsektor zur Anpassung der [&hellip;]<\/p>\n","protected":false},"author":1,"featured_media":924,"parent":0,"menu_order":0,"comment_status":"closed","ping_status":"closed","template":"","meta":{"footnotes":""},"class_list":["post-513","page","type-page","status-publish","has-post-thumbnail","hentry"],"acf":[],"_links":{"self":[{"href":"https:\/\/www.gudo.com\/de\/wp-json\/wp\/v2\/pages\/513","targetHints":{"allow":["GET"]}}],"collection":[{"href":"https:\/\/www.gudo.com\/de\/wp-json\/wp\/v2\/pages"}],"about":[{"href":"https:\/\/www.gudo.com\/de\/wp-json\/wp\/v2\/types\/page"}],"author":[{"embeddable":true,"href":"https:\/\/www.gudo.com\/de\/wp-json\/wp\/v2\/users\/1"}],"replies":[{"embeddable":true,"href":"https:\/\/www.gudo.com\/de\/wp-json\/wp\/v2\/comments?post=513"}],"version-history":[{"count":0,"href":"https:\/\/www.gudo.com\/de\/wp-json\/wp\/v2\/pages\/513\/revisions"}],"wp:featuredmedia":[{"embeddable":true,"href":"https:\/\/www.gudo.com\/de\/wp-json\/wp\/v2\/media\/924"}],"wp:attachment":[{"href":"https:\/\/www.gudo.com\/de\/wp-json\/wp\/v2\/media?parent=513"}],"curies":[{"name":"wp","href":"https:\/\/api.w.org\/{rel}","templated":true}]}}