{"id":527,"date":"2023-03-22T17:21:46","date_gmt":"2023-03-22T16:21:46","guid":{"rendered":"https:\/\/gudo.dev.hayloft-it.ch\/?page_id=527"},"modified":"2024-11-07T13:49:30","modified_gmt":"2024-11-07T12:49:30","slug":"faq","status":"publish","type":"page","link":"https:\/\/www.gudo.com\/de\/unternehmen\/faq\/","title":{"rendered":"FAQ"},"content":{"rendered":"\n<h1 class=\"wp-block-heading\">FAQ<\/h1>\n\n\n\n<p>Willkommen bei unserer FAQ-Seite! Hier finden Sie Antworten auf h\u00e4ufig gestellte Fragen zu unseren Produkten und Dienstleistungen.<\/p>\n\n\n\n<p>Sollten Sie Fragen haben, die in unserer FAQ-Liste noch nicht beantwortet sind, z\u00f6gern Sie nicht, uns zu kontaktieren. Unser Kundensupport-Team steht Ihnen gerne zur Verf\u00fcgung und wird Ihnen bei Ihrem Anliegen behilflich sein.<\/p>\n\n\n<div class=\"accordion align wp-block-gudo-faq\">\n            <div class=\"accordion-item\">\n            <h2 class=\"accordion-header\" id=\"question-0-heading\">\n                <button class=\"accordion-button collapsed\" type=\"button\" data-bs-toggle=\"collapse\" data-bs-target=\"#question-0\" aria-expanded=\"false\" aria-controls=\"question-0\">\n                    Wo kann ich GUDO Produkte kaufen?                <\/button>\n            <\/h2>\n            <div id=\"question-0\" class=\"accordion-collapse collapse\" aria-labelledby=\"question-0-heading\" data-bs-parent=\"#question-0\">\n                <div class=\"accordion-body\">\n                    <span style=\"background-color: var(--bs-body-bg); color: var(--wp--preset--color--base); font-family: var(--wp--preset--font-family--sofia-sans-semi-condensed); font-size: var(--wp--preset--font-size--normal); text-align: var(--bs-body-text-align);\">Sie k\u00f6nnen die Produkte direkt bei uns \u00fcber das bequeme<\/span><span style=\"background-color: var(--bs-body-bg); color: var(--wp--preset--color--base); font-family: var(--wp--preset--font-family--sofia-sans-semi-condensed); font-size: var(--wp--preset--font-size--normal); text-align: var(--bs-body-text-align);\">\u00a0<\/span><a style=\"background-color: var(--bs-body-bg); font-family: var(--wp--preset--font-family--sofia-sans-semi-condensed); font-size: var(--wp--preset--font-size--normal); text-align: var(--bs-body-text-align);\" href=\"https:\/\/www.gudo.com\/kontakt\/\">Kontaktformular<\/a> auf unserer Website beziehen, da wir stolz darauf sind, keine Zwischenh\u00e4ndler in unserem Vertriebsprozess zu haben. Somit k\u00f6nnen wir Ihnen die besten Preise und eine weltweite Lieferung garantieren. Egal, wo Sie sich befinden, wir stellen sicher, dass Ihnen unsere hochwertigen Produkte schnell und zuverl\u00e4ssig zugestellt werden. Verpassen Sie nicht die Gelegenheit, von unserer direkten Bestellm\u00f6glichkeit zu profitieren und geniessen Sie die Bequemlichkeit des Einkaufens bei uns \u2013 ganz ohne Zwischenschritte!                <\/div>\n            <\/div>\n        <\/div>\n            <div class=\"accordion-item\">\n            <h2 class=\"accordion-header\" id=\"question-1-heading\">\n                <button class=\"accordion-button collapsed\" type=\"button\" data-bs-toggle=\"collapse\" data-bs-target=\"#question-1\" aria-expanded=\"false\" aria-controls=\"question-1\">\n                    Wie weiss ich welches Produkt das richtige f\u00fcr unser Unternehmen ist?                <\/button>\n            <\/h2>\n            <div id=\"question-1\" class=\"accordion-collapse collapse\" aria-labelledby=\"question-1-heading\" data-bs-parent=\"#question-1\">\n                <div class=\"accordion-body\">\n                    Wir stehen Ihnen gerne zur Verf\u00fcgung und beraten Sie individuell. Um dies optimal tun zu k\u00f6nnen, ben\u00f6tigen wir jedoch detaillierte Informationen und Fotos vom Endprodukt. Z\u00f6gern Sie nicht, uns zu <a href=\"https:\/\/www.gudo.com\/kontakt\/\">kontaktieren<\/a>.                <\/div>\n            <\/div>\n        <\/div>\n            <div class=\"accordion-item\">\n            <h2 class=\"accordion-header\" id=\"question-2-heading\">\n                <button class=\"accordion-button collapsed\" type=\"button\" data-bs-toggle=\"collapse\" data-bs-target=\"#question-2\" aria-expanded=\"false\" aria-controls=\"question-2\">\n                    K\u00f6nnen wir auch kleine Mengen beziehen?                <\/button>\n            <\/h2>\n            <div id=\"question-2\" class=\"accordion-collapse collapse\" aria-labelledby=\"question-2-heading\" data-bs-parent=\"#question-2\">\n                <div class=\"accordion-body\">\n                    Ja, wir behandeln diese Bestellungen als Musterbestellungen und verlangen einen Pauschalpreis inklusive Versand von mindestens 80,00 Euro. Die Zahlung erfolgt im Voraus.                <\/div>\n            <\/div>\n        <\/div>\n            <div class=\"accordion-item\">\n            <h2 class=\"accordion-header\" id=\"question-3-heading\">\n                <button class=\"accordion-button collapsed\" type=\"button\" data-bs-toggle=\"collapse\" data-bs-target=\"#question-3\" aria-expanded=\"false\" aria-controls=\"question-3\">\n                    Kann ich auch andere Farben als Schwarz beziehen?                <\/button>\n            <\/h2>\n            <div id=\"question-3\" class=\"accordion-collapse collapse\" aria-labelledby=\"question-3-heading\" data-bs-parent=\"#question-3\">\n                <div class=\"accordion-body\">\n                    Gegen einen Aufpreis k\u00f6nnen wir alle Produkte in der gew\u00fcnschten Farbe herstellen.                <\/div>\n            <\/div>\n        <\/div>\n            <div class=\"accordion-item\">\n            <h2 class=\"accordion-header\" id=\"question-4-heading\">\n                <button class=\"accordion-button collapsed\" type=\"button\" data-bs-toggle=\"collapse\" data-bs-target=\"#question-4\" aria-expanded=\"false\" aria-controls=\"question-4\">\n                    Was kosten die Produkte?                <\/button>\n            <\/h2>\n            <div id=\"question-4\" class=\"accordion-collapse collapse\" aria-labelledby=\"question-4-heading\" data-bs-parent=\"#question-4\">\n                <div class=\"accordion-body\">\n                    Der Preis des Produktes variiert je nach Menge und Ausf\u00fchrung. F\u00fcr Musterbestellungen berechnen wir einen Pauschalpreis, der den Versand bereits beinhaltet.                <\/div>\n            <\/div>\n        <\/div>\n            <div class=\"accordion-item\">\n            <h2 class=\"accordion-header\" id=\"question-5-heading\">\n                <button class=\"accordion-button collapsed\" type=\"button\" data-bs-toggle=\"collapse\" data-bs-target=\"#question-5\" aria-expanded=\"false\" aria-controls=\"question-5\">\n                    Welche Zahlungsm\u00f6glichkeiten und Konditionen stehen uns zur Verf\u00fcgung?                <\/button>\n            <\/h2>\n            <div id=\"question-5\" class=\"accordion-collapse collapse\" aria-labelledby=\"question-5-heading\" data-bs-parent=\"#question-5\">\n                <div class=\"accordion-body\">\n                    Wir bieten die M\u00f6glichkeit der Bezahlung per Bank\u00fcberweisung in CHF, EURO oder US-Dollar an. Zus\u00e4tzlich akzeptieren wir bei Musterbestellungen auch Zahlungen \u00fcber PayPal, wobei wir Geb\u00fchren in H\u00f6he von 10% berechnen. Bitte beachten Sie, dass wir bei Neukunden eine Vorauszahlung von 100% als Zahlungsbedingung haben.                <\/div>\n            <\/div>\n        <\/div>\n            <div class=\"accordion-item\">\n            <h2 class=\"accordion-header\" id=\"question-6-heading\">\n                <button class=\"accordion-button collapsed\" type=\"button\" data-bs-toggle=\"collapse\" data-bs-target=\"#question-6\" aria-expanded=\"false\" aria-controls=\"question-6\">\n                    Wie sind die Lieferfristen?                <\/button>\n            <\/h2>\n            <div id=\"question-6\" class=\"accordion-collapse collapse\" aria-labelledby=\"question-6-heading\" data-bs-parent=\"#question-6\">\n                <div class=\"accordion-body\">\n                    Standardprodukte f\u00fcr Musterbestellungen sind sofort lieferbar, sobald die Zahlung erfolgt ist. Bei gr\u00f6sseren Mengen und spezielleren Produkten betr\u00e4gt die Lieferzeit in der Regel 4-8 Wochen.                <\/div>\n            <\/div>\n        <\/div>\n            <div class=\"accordion-item\">\n            <h2 class=\"accordion-header\" id=\"question-7-heading\">\n                <button class=\"accordion-button collapsed\" type=\"button\" data-bs-toggle=\"collapse\" data-bs-target=\"#question-7\" aria-expanded=\"false\" aria-controls=\"question-7\">\n                    An wen richten wir unsere Lieferungen?                <\/button>\n            <\/h2>\n            <div id=\"question-7\" class=\"accordion-collapse collapse\" aria-labelledby=\"question-7-heading\" data-bs-parent=\"#question-7\">\n                <div class=\"accordion-body\">\n                    Wir k\u00f6nnen ausschliesslich Kunden beliefern, die \u00fcber eine EORI-Nummer verf\u00fcgen. Bitte beachten Sie, dass diese Regelung nur f\u00fcr den EU-Raum gilt. Ausserhalb der EU sind wir in der Lage, alle Kunden zu bedienen.                <\/div>\n            <\/div>\n        <\/div>\n    <\/div>\n\n\n<div class=\"wp-block-group has-accent-background-color has-background is-layout-constrained wp-block-group-is-layout-constrained\">\n<p class=\"has-medium-font-size\">Das FAQ konnte Ihre Frage nicht beantworten? Aber wir k\u00f6nnen!<\/p>\n\n\n\n<p class=\"has-quite-large-font-size\">Senden Sie uns eine Kontaktanfrage mit entsprechendem Anliegen.<\/p>\n\n\n\n<div class=\"wp-block-buttons is-layout-flex wp-block-buttons-is-layout-flex\">\n<div class=\"wp-block-button\"><a class=\"wp-block-button__link wp-element-button\" href=\"https:\/\/www.gudo.com\/kontakt\/\">Kontaktieren Sie uns<\/a><\/div>\n<\/div>\n<\/div>\n","protected":false},"excerpt":{"rendered":"<p>FAQ Willkommen bei unserer FAQ-Seite! Hier finden Sie Antworten auf h\u00e4ufig gestellte Fragen zu unseren Produkten und Dienstleistungen. Sollten Sie Fragen haben, die in unserer FAQ-Liste noch nicht beantwortet sind, z\u00f6gern Sie nicht, uns zu kontaktieren. Unser Kundensupport-Team steht Ihnen gerne zur Verf\u00fcgung und wird Ihnen bei Ihrem Anliegen behilflich sein. Das FAQ konnte Ihre [&hellip;]<\/p>\n","protected":false},"author":1,"featured_media":0,"parent":513,"menu_order":0,"comment_status":"closed","ping_status":"closed","template":"","meta":{"footnotes":""},"class_list":["post-527","page","type-page","status-publish","hentry"],"acf":[],"_links":{"self":[{"href":"https:\/\/www.gudo.com\/de\/wp-json\/wp\/v2\/pages\/527","targetHints":{"allow":["GET"]}}],"collection":[{"href":"https:\/\/www.gudo.com\/de\/wp-json\/wp\/v2\/pages"}],"about":[{"href":"https:\/\/www.gudo.com\/de\/wp-json\/wp\/v2\/types\/page"}],"author":[{"embeddable":true,"href":"https:\/\/www.gudo.com\/de\/wp-json\/wp\/v2\/users\/1"}],"replies":[{"embeddable":true,"href":"https:\/\/www.gudo.com\/de\/wp-json\/wp\/v2\/comments?post=527"}],"version-history":[{"count":0,"href":"https:\/\/www.gudo.com\/de\/wp-json\/wp\/v2\/pages\/527\/revisions"}],"up":[{"embeddable":true,"href":"https:\/\/www.gudo.com\/de\/wp-json\/wp\/v2\/pages\/513"}],"wp:attachment":[{"href":"https:\/\/www.gudo.com\/de\/wp-json\/wp\/v2\/media?parent=527"}],"curies":[{"name":"wp","href":"https:\/\/api.w.org\/{rel}","templated":true}]}}