{"id":55,"date":"2023-03-21T14:05:16","date_gmt":"2023-03-21T13:05:16","guid":{"rendered":"https:\/\/gudo.dev.hayloft-it.ch\/?page_id=55"},"modified":"2024-11-07T13:44:28","modified_gmt":"2024-11-07T12:44:28","slug":"produkte","status":"publish","type":"page","link":"https:\/\/www.gudo.com\/de\/produkte\/","title":{"rendered":"Produkte"},"content":{"rendered":"\n<h1 class=\"wp-block-heading\">Produkt\u00fcbersicht<\/h1>\n\n\n\n<p>Unsere Auswahl an Produkten ist breit gef\u00e4chert und besteht haupts\u00e4chlich aus Anpassungs- oder Verstellungsprodukte. Unsere Verschl\u00fcsse werden oft verwendet, um die Kopfgr\u00f6sse von Helmen individuell anzupassen. Zus\u00e4tzlich bieten wir Ratschen- und Pumpsysteme sowie verschiedene Clips mit passenden Zahnriemen an. Ebenso haben wir eine Auswahl an Spannverschl\u00fcssen, die in Skischuhen und orthop\u00e4dischen Anwendungen verwendet werden k\u00f6nnen. Unsere Produktpalette wird durch Spezialprodukte wie Fahrradrahmenhalter, Pferdehufschuhe oder spezielle Touren-Kurzskier abgerundet.<\/p>\n\n\n\n<p>Hier heben wir uns von anderen Herstellern ab, indem wir kundenspezifische Entwicklungen anbieten, um neue L\u00f6sungen f\u00fcr Ihre spezifischen Bed\u00fcrfnisse zu schaffen. Unabh\u00e4ngig davon, wie ungew\u00f6hnlich Ihre Anforderungen sein m\u00f6gen, sind wir aufgrund unserer Fachkenntnisse und Verbindungen zu verschiedenen Produktionsm\u00f6glichkeiten flexibel einsetzbar. Dar\u00fcber hinaus k\u00f6nnen auch kleinere Mengen bei uns produziert werden.<\/p>\n\n\n\n<p>Unsere Kunden geh\u00f6ren weltweit zur Spitze, aber auch sie haben einmal klein angefangen. Lassen Sie uns dabei unterst\u00fctzen, sie erfolgreich zu machen und weiter zu wachsen!<\/p>\n\n\n\n<p>Erhalten Sie einen \u00dcberblick \u00fcber unser Sortiment und die h\u00e4ufigsten Einsatzbereiche unserer Produkte.<\/p>\n\n\n\n<div class=\"wp-block-group alignfull has-primary-background-color has-background is-layout-constrained wp-block-group-is-layout-constrained\">\n<h2 class=\"wp-block-heading\">Unsere Produktpalette<\/h2>\n\n\n<div class=\"has-6-teasers alignwide wp-block-gudo-product-categories\">\n            <a href=\"https:\/\/www.gudo.com\/de\/produkte\/clips\/\" class=\"product-category-teaser\">\n            <h3>Clips<\/h3>\n                            <p>Dieser Verschluss eignet sich f\u00fcr vielf\u00e4ltige Anwendungsbereiche, in denen beispielsweise B\u00e4nder oder Seile auf ihre L\u00e4nge angepasst werden m\u00fcssen.<\/p>\n                    <\/a>\n            <a href=\"https:\/\/www.gudo.com\/de\/produkte\/drehverschluesse\/\" class=\"product-category-teaser\">\n            <h3>Drehverschl\u00fcsse<\/h3>\n                            <p>Der Drehverschluss findet Anwendung in Situationen, in denen B\u00e4nder oder Seile schnell und bequem in ihrer L\u00e4nge angezogen oder gel\u00f6st werden m\u00fcssen.<\/p>\n                    <\/a>\n            <a href=\"https:\/\/www.gudo.com\/de\/produkte\/ratschenverschluesse\/\" class=\"product-category-teaser\">\n            <h3>Ratschenverschl\u00fcsse<\/h3>\n                            <p>Unsere Ratschensysteme werden h\u00e4ufig zusammen mit unseren Zahnriemen zur Spannung eingesetzt, insbesondere in den Bereichen Fahrradtr\u00e4ger und Orthop\u00e4die.<\/p>\n                    <\/a>\n            <a href=\"https:\/\/www.gudo.com\/de\/produkte\/spannverschluesse\/\" class=\"product-category-teaser\">\n            <h3>Spannverschl\u00fcsse<\/h3>\n                            <p>Die typischen Verschl\u00fcsse sind aus dem Ursprung von Gudo entstanden, welche im Bereich von namhaften Skischuh-Herstellern eingesetzt werden.<\/p>\n                    <\/a>\n            <a href=\"https:\/\/www.gudo.com\/de\/produkte\/spezialprodukte\/\" class=\"product-category-teaser\">\n            <h3>Spezialprodukte<\/h3>\n                            <p>Unsere Spezialprodukte zeugen von unserer Flexibilit\u00e4t, Innovationsf\u00e4higkeit und unserer Willigkeit, uns allen Arten von anspruchsvollen Aufgaben zu stellen.<\/p>\n                    <\/a>\n            <a href=\"https:\/\/www.gudo.com\/de\/produkte\/zahnriemen\/\" class=\"product-category-teaser\">\n            <h3>Zahnriemen<\/h3>\n                            <p>F\u00fcr dieses Produkt gibt es eine Vielzahl an unterschiedlichen Kombinationsm\u00f6glichkeiten, die haupts\u00e4chlich im Befestigungsbereich Anwendung finden.<\/p>\n                    <\/a>\n    <\/div><\/div>\n","protected":false},"excerpt":{"rendered":"<p>Produkt\u00fcbersicht Unsere Auswahl an Produkten ist breit gef\u00e4chert und besteht haupts\u00e4chlich aus Anpassungs- oder Verstellungsprodukte. Unsere Verschl\u00fcsse werden oft verwendet, um die Kopfgr\u00f6sse von Helmen individuell anzupassen. Zus\u00e4tzlich bieten wir Ratschen- und Pumpsysteme sowie verschiedene Clips mit passenden Zahnriemen an. Ebenso haben wir eine Auswahl an Spannverschl\u00fcssen, die in Skischuhen und orthop\u00e4dischen Anwendungen verwendet werden [&hellip;]<\/p>\n","protected":false},"author":1,"featured_media":0,"parent":0,"menu_order":0,"comment_status":"closed","ping_status":"closed","template":"","meta":{"footnotes":""},"class_list":["post-55","page","type-page","status-publish","hentry"],"acf":[],"_links":{"self":[{"href":"https:\/\/www.gudo.com\/de\/wp-json\/wp\/v2\/pages\/55","targetHints":{"allow":["GET"]}}],"collection":[{"href":"https:\/\/www.gudo.com\/de\/wp-json\/wp\/v2\/pages"}],"about":[{"href":"https:\/\/www.gudo.com\/de\/wp-json\/wp\/v2\/types\/page"}],"author":[{"embeddable":true,"href":"https:\/\/www.gudo.com\/de\/wp-json\/wp\/v2\/users\/1"}],"replies":[{"embeddable":true,"href":"https:\/\/www.gudo.com\/de\/wp-json\/wp\/v2\/comments?post=55"}],"version-history":[{"count":0,"href":"https:\/\/www.gudo.com\/de\/wp-json\/wp\/v2\/pages\/55\/revisions"}],"wp:attachment":[{"href":"https:\/\/www.gudo.com\/de\/wp-json\/wp\/v2\/media?parent=55"}],"curies":[{"name":"wp","href":"https:\/\/api.w.org\/{rel}","templated":true}]}}