{"id":57,"date":"2023-03-21T14:05:39","date_gmt":"2023-03-21T13:05:39","guid":{"rendered":"https:\/\/gudo.dev.hayloft-it.ch\/?page_id=57"},"modified":"2024-11-07T13:45:25","modified_gmt":"2024-11-07T12:45:25","slug":"dienstleistungen","status":"publish","type":"page","link":"https:\/\/www.gudo.com\/de\/dienstleistungen\/","title":{"rendered":"Dienstleistungen"},"content":{"rendered":"\n<h1 class=\"wp-block-heading\">Dienstleistungen<\/h1>\n\n\n\n<p>Unser umfangreiches Leistungsangebot erstreckt sich \u00fcber den gesamten Prozess der Produktentwicklung. Wir stehen Ihnen bei der Generierung innovativer Ideen und Konzepte, dem Entwurf und der Prototypenerstellung sowie bei der Serienproduktion und Nachbetreuung zur Seite. Gerne teilen wir unsere Fachkenntnisse in all diesen Bereichen mit Ihnen.<\/p>\n\n\n<div class=\"alignwide wp-block-gudo-teasers\">\n<a class=\"wp-block-gudo-teaser\" href=\"https:\/\/www.gudo.com\/dienstleistungen\/entwicklung\/\">\n    <div class=\"image-wrapper\">\n        <img loading=\"lazy\" decoding=\"async\" width=\"600\" height=\"400\" src=\"https:\/\/www.gudo.com\/wp-content\/uploads\/2023\/03\/gudo-buero.jpg\" class=\"attachment-teaser size-teaser\" alt=\"Buero\" srcset=\"https:\/\/www.gudo.com\/wp-content\/uploads\/2023\/03\/gudo-buero.jpg 600w, https:\/\/www.gudo.com\/wp-content\/uploads\/2023\/03\/gudo-buero-300x200.jpg 300w, https:\/\/www.gudo.com\/wp-content\/uploads\/2023\/03\/gudo-buero-18x12.jpg 18w\" sizes=\"auto, (max-width: 600px) 100vw, 600px\" \/>    <\/div>\n    <h3 class=\"title\">Entwicklung<\/h3>\n            <p class=\"excerpt\">Gudo bietet umfassende Unterst\u00fctzung f\u00fcr die Produktentwicklung. Wir helfen Ihnen beim Design, der Erstellung von Prototypen und der Identifizierung effizienter Produktionsprozesse. Unser Fachwissen deckt den gesamten Entwicklungszyklus ab, um sicherzustellen, dass Ihr Produkt optimal gestaltet und kosteneffektiv hergestellt werden kann. Mit unserer langj\u00e4hrigen Erfahrung und unserem Know-how begleiten wir Sie in jedem Schritt des Prozesses und gew\u00e4hrleisten den bestm\u00f6glichen Erfolg f\u00fcr Ihr Produkt.<\/p>\n        <span class=\"wp-element-button\">mehr erfahren<\/span>\n<\/a>\n\n\n<a class=\"wp-block-gudo-teaser\" href=\"https:\/\/www.gudo.com\/dienstleistungen\/produktion\/\">\n    <div class=\"image-wrapper\">\n        <img loading=\"lazy\" decoding=\"async\" width=\"600\" height=\"400\" src=\"https:\/\/www.gudo.com\/wp-content\/uploads\/2023\/03\/gudo-produktionshalle.jpg\" class=\"attachment-teaser size-teaser\" alt=\"Produktionshalle\" srcset=\"https:\/\/www.gudo.com\/wp-content\/uploads\/2023\/03\/gudo-produktionshalle.jpg 600w, https:\/\/www.gudo.com\/wp-content\/uploads\/2023\/03\/gudo-produktionshalle-300x200.jpg 300w, https:\/\/www.gudo.com\/wp-content\/uploads\/2023\/03\/gudo-produktionshalle-18x12.jpg 18w\" sizes=\"auto, (max-width: 600px) 100vw, 600px\" \/>    <\/div>\n    <h3 class=\"title\">Produktion<\/h3>\n            <p class=\"excerpt\">Gudo bietet umfassende Unterst\u00fctzung f\u00fcr die Produktentwicklung. Wir helfen Ihnen beim Design, der Erstellung von Prototypen und der Identifizierung effizienter Produktionsprozesse. Unser Fachwissen deckt den gesamten Entwicklungszyklus ab, um sicherzustellen, dass Ihr Produkt optimal gestaltet und kosteneffektiv hergestellt werden kann. Mit unserer langj\u00e4hrigen Erfahrung und unserem Know-how begleiten wir Sie in jedem Schritt des Prozesses und gew\u00e4hrleisten den bestm\u00f6glichen Erfolg f\u00fcr Ihr Produkt.<\/p>\n        <span class=\"wp-element-button\">mehr erfahren<\/span>\n<\/a>\n\n\n<a class=\"wp-block-gudo-teaser\" href=\"https:\/\/www.gudo.com\/dienstleistungen\/montage\/\">\n    <div class=\"image-wrapper\">\n        <img loading=\"lazy\" decoding=\"async\" width=\"600\" height=\"400\" src=\"https:\/\/www.gudo.com\/wp-content\/uploads\/2023\/03\/gudo-nieten.jpg\" class=\"attachment-teaser size-teaser\" alt=\"Nieten\" srcset=\"https:\/\/www.gudo.com\/wp-content\/uploads\/2023\/03\/gudo-nieten.jpg 600w, https:\/\/www.gudo.com\/wp-content\/uploads\/2023\/03\/gudo-nieten-300x200.jpg 300w, https:\/\/www.gudo.com\/wp-content\/uploads\/2023\/03\/gudo-nieten-18x12.jpg 18w\" sizes=\"auto, (max-width: 600px) 100vw, 600px\" \/>    <\/div>\n    <h3 class=\"title\">Montage<\/h3>\n            <p class=\"excerpt\">Unsere Produkte und massgeschneiderten Systeme werden von uns als fertige Einheiten geliefert. Wir legen grossen Wert auf ein effizientes Qualit\u00e4tsmanagement, eine reibungslose Logistik und p\u00fcnktliche Lieferung. Unsere Kunden k\u00f6nnen sich darauf verlassen, dass sie erstklassige Produkte erhalten, die genau auf ihre individuellen Anforderungen abgestimmt sind.<\/p>\n        <span class=\"wp-element-button\">mehr erfahren<\/span>\n<\/a>\n\n<\/div>\n\n\n\n<div class=\"wp-block-group has-accent-background-color has-background is-layout-constrained wp-block-group-is-layout-constrained\">\n<h2 class=\"wp-block-heading\">Sie ben\u00f6tigen unsere Hilfe?<\/h2>\n\n\n\n<p>Wir beraten Sie gerne zu unseren Produkten und Dienstleistungen.<\/p>\n\n\n\n<div class=\"wp-block-buttons is-layout-flex wp-block-buttons-is-layout-flex\">\n<div class=\"wp-block-button\"><a class=\"wp-block-button__link wp-element-button\" href=\"https:\/\/www.gudo.com\/kontakt\/\">Kontaktieren Sie uns<\/a><\/div>\n<\/div>\n<\/div>\n","protected":false},"excerpt":{"rendered":"<p>Dienstleistungen Unser umfangreiches Leistungsangebot erstreckt sich \u00fcber den gesamten Prozess der Produktentwicklung. Wir stehen Ihnen bei der Generierung innovativer Ideen und Konzepte, dem Entwurf und der Prototypenerstellung sowie bei der Serienproduktion und Nachbetreuung zur Seite. Gerne teilen wir unsere Fachkenntnisse in all diesen Bereichen mit Ihnen. Sie ben\u00f6tigen unsere Hilfe? Wir beraten Sie gerne zu [&hellip;]<\/p>\n","protected":false},"author":1,"featured_media":0,"parent":0,"menu_order":0,"comment_status":"closed","ping_status":"closed","template":"","meta":{"footnotes":""},"class_list":["post-57","page","type-page","status-publish","hentry"],"acf":[],"_links":{"self":[{"href":"https:\/\/www.gudo.com\/de\/wp-json\/wp\/v2\/pages\/57","targetHints":{"allow":["GET"]}}],"collection":[{"href":"https:\/\/www.gudo.com\/de\/wp-json\/wp\/v2\/pages"}],"about":[{"href":"https:\/\/www.gudo.com\/de\/wp-json\/wp\/v2\/types\/page"}],"author":[{"embeddable":true,"href":"https:\/\/www.gudo.com\/de\/wp-json\/wp\/v2\/users\/1"}],"replies":[{"embeddable":true,"href":"https:\/\/www.gudo.com\/de\/wp-json\/wp\/v2\/comments?post=57"}],"version-history":[{"count":0,"href":"https:\/\/www.gudo.com\/de\/wp-json\/wp\/v2\/pages\/57\/revisions"}],"wp:attachment":[{"href":"https:\/\/www.gudo.com\/de\/wp-json\/wp\/v2\/media?parent=57"}],"curies":[{"name":"wp","href":"https:\/\/api.w.org\/{rel}","templated":true}]}}