{"id":59,"date":"2023-03-21T14:05:46","date_gmt":"2023-03-21T13:05:46","guid":{"rendered":"https:\/\/gudo.dev.hayloft-it.ch\/?page_id=59"},"modified":"2024-11-07T13:45:56","modified_gmt":"2024-11-07T12:45:56","slug":"branchen","status":"publish","type":"page","link":"https:\/\/www.gudo.com\/de\/branchen\/","title":{"rendered":"Branchen"},"content":{"rendered":"\n<h1 class=\"wp-block-heading\">Branchen\u00fcbersicht<\/h1>\n\n\n\n<p>Die Gudo AG spezialisiert sich auf die Produktion von Verschlusssystemen und beliefert die Industrie, den Sport, die Orthop\u00e4die, die Automobilindustrie und den Arbeitsschutzmarkt. Unsere Systeme werden weltweit von namhaften Partnern verwendet.<\/p>\n\n\n\n<p>Unsere Leidenschaft besteht darin, Kunststoffteile zu gestalten und herzustellen, sei es f\u00fcr Verschl\u00fcsse oder andere Anwendungen. Wir entwickeln, produzieren und vertreiben unsere Produkte in unserem Werk in Lupfig und k\u00f6nnen stolz sagen: 100% Swiss Made.<\/p>\n\n\n\n<div class=\"wp-block-group alignfull has-primary-background-color has-background is-layout-constrained wp-block-group-is-layout-constrained\">\n<h2 class=\"wp-block-heading\">In diesen Branchen sind wir die Profis<\/h2>\n\n\n<div class=\"has-5-teasers alignwide wp-block-gudo-product-sectors\">\n            <a href=\"https:\/\/www.gudo.com\/de\/branchen\/arbeitsschutz\/\" class=\"product-category-teaser\" style=\"--icon: var(--hl-icon-safety);\">\n            <h3>Arbeitsschutz<\/h3>\n                            <p>Unsere oberste Priorit\u00e4t ist Ihre Sicherheit sowie die Ihrer Mitarbeiter. Daher pr\u00e4sentieren wir Ihnen hier unsere Produktpalette:<\/p>\n                    <\/a>\n            <a href=\"https:\/\/www.gudo.com\/de\/branchen\/automotive\/\" class=\"product-category-teaser\" style=\"--icon: var(--hl-icon-automotive);\">\n            <h3>Automotive<\/h3>\n                            <p>Unsere Systeme kommen vor allem in der Automobilindustrie zum Einsatz, insbesondere bei Fahrradtr\u00e4gersystemen, um das Leben zu erleichtern. Hier sind einige Beispiele:<\/p>\n                    <\/a>\n            <a href=\"https:\/\/www.gudo.com\/de\/branchen\/industrie\/\" class=\"product-category-teaser\" style=\"--icon: var(--hl-icon-industry);\">\n            <h3>Industrie<\/h3>\n                            <p>Wenn Sie eine flexible L\u00f6sung f\u00fcr ein einzigartiges Problem ben\u00f6tigen, bieten wir Ihnen eine Vielzahl von M\u00f6glichkeiten. Lassen sie sich inspirieren:<\/p>\n                    <\/a>\n            <a href=\"https:\/\/www.gudo.com\/de\/branchen\/orthopaedie\/\" class=\"product-category-teaser\" style=\"--icon: var(--hl-icon-orthopaedics);\">\n            <h3>Orthop\u00e4die<\/h3>\n                            <p>Wir spezialisieren uns auf einfache und kundenfreundliche Produkte. Hier k\u00f6nnen Sie sehen, wie dies auch in der Orthop\u00e4die-Branche angewendet werden kann:<\/p>\n                    <\/a>\n            <a href=\"https:\/\/www.gudo.com\/de\/branchen\/sport\/\" class=\"product-category-teaser\" style=\"--icon: var(--hl-icon-sports);\">\n            <h3>Sport<\/h3>\n                            <p>Sport geh\u00f6rt zweifellos zu den gr\u00f6ssten Branchen, hier sind wir besonders stark vertreten. Insbesondere in den Bereichen der Helm- und Schuhverschl\u00fcsse. \u00dcberzeugen sie sich selbst:<\/p>\n                    <\/a>\n    <\/div><\/div>\n","protected":false},"excerpt":{"rendered":"<p>Branchen\u00fcbersicht Die Gudo AG spezialisiert sich auf die Produktion von Verschlusssystemen und beliefert die Industrie, den Sport, die Orthop\u00e4die, die Automobilindustrie und den Arbeitsschutzmarkt. Unsere Systeme werden weltweit von namhaften Partnern verwendet. Unsere Leidenschaft besteht darin, Kunststoffteile zu gestalten und herzustellen, sei es f\u00fcr Verschl\u00fcsse oder andere Anwendungen. Wir entwickeln, produzieren und vertreiben unsere Produkte [&hellip;]<\/p>\n","protected":false},"author":1,"featured_media":0,"parent":0,"menu_order":0,"comment_status":"closed","ping_status":"closed","template":"","meta":{"footnotes":""},"class_list":["post-59","page","type-page","status-publish","hentry"],"acf":[],"_links":{"self":[{"href":"https:\/\/www.gudo.com\/de\/wp-json\/wp\/v2\/pages\/59","targetHints":{"allow":["GET"]}}],"collection":[{"href":"https:\/\/www.gudo.com\/de\/wp-json\/wp\/v2\/pages"}],"about":[{"href":"https:\/\/www.gudo.com\/de\/wp-json\/wp\/v2\/types\/page"}],"author":[{"embeddable":true,"href":"https:\/\/www.gudo.com\/de\/wp-json\/wp\/v2\/users\/1"}],"replies":[{"embeddable":true,"href":"https:\/\/www.gudo.com\/de\/wp-json\/wp\/v2\/comments?post=59"}],"version-history":[{"count":0,"href":"https:\/\/www.gudo.com\/de\/wp-json\/wp\/v2\/pages\/59\/revisions"}],"wp:attachment":[{"href":"https:\/\/www.gudo.com\/de\/wp-json\/wp\/v2\/media?parent=59"}],"curies":[{"name":"wp","href":"https:\/\/api.w.org\/{rel}","templated":true}]}}