{"id":61,"date":"2023-03-21T14:05:56","date_gmt":"2023-03-21T13:05:56","guid":{"rendered":"https:\/\/gudo.dev.hayloft-it.ch\/?page_id=61"},"modified":"2026-02-18T07:38:55","modified_gmt":"2026-02-18T06:38:55","slug":"team","status":"publish","type":"page","link":"https:\/\/www.gudo.com\/de\/unternehmen\/team\/","title":{"rendered":"Team"},"content":{"rendered":"\n<h1 class=\"wp-block-heading\">Das GUDO AG Team<\/h1>\n\n\n\n<p>Wir m\u00f6chten Ihnen gerne unser Team vorstellen &#8211; eine Gruppe von motivierten und engagierten Mitgliedern, die das Fundament unseres Erfolgs bilden.<\/p>\n\n\n\n<p>Durch ihre Fachkenntnisse, Hilfsbereitschaft und Aufmerksamkeit gew\u00e4hrleisten sie, dass jeder unserer Kunden die bestm\u00f6gliche Betreuung und Unterst\u00fctzung erh\u00e4lt.<\/p>\n\n\n\n<figure data-no-zoom=\"true\" class=\"wp-block-image size-large\"><img loading=\"lazy\" decoding=\"async\" width=\"1024\" height=\"772\" src=\"https:\/\/www.gudo.com\/wp-content\/uploads\/2026\/02\/image-1-1024x772.png\" alt=\"\" class=\"wp-image-2484\" srcset=\"https:\/\/www.gudo.com\/wp-content\/uploads\/2026\/02\/image-1-1024x772.png 1024w, https:\/\/www.gudo.com\/wp-content\/uploads\/2026\/02\/image-1-300x226.png 300w, https:\/\/www.gudo.com\/wp-content\/uploads\/2026\/02\/image-1-768x579.png 768w, https:\/\/www.gudo.com\/wp-content\/uploads\/2026\/02\/image-1-16x12.png 16w, https:\/\/www.gudo.com\/wp-content\/uploads\/2026\/02\/image-1.png 1168w\" sizes=\"auto, (max-width: 1024px) 100vw, 1024px\" \/><\/figure>\n\n\n\n<div class=\"wp-block-group alignfull is-style-shifted-up has-primary-background-color has-background is-layout-constrained wp-block-group-is-layout-constrained\"><turbo-frame id=\"employees\" class=\"alignfull is-layout-constrained\" data-turbo=\"true\">\n    <div class=\"alignwide wp-block-gudo-employees\">\n                    <div class=\"teaser post-2052 employee type-employee status-publish hentry\" href=\"https:\/\/www.gudo.com\/de\/?employee=automatisch-gespeicherter-entwurf\">\n    <div class=\"image-wrapper\">\n        <img loading=\"lazy\" decoding=\"async\" width=\"1024\" height=\"616\" src=\"https:\/\/www.gudo.com\/wp-content\/uploads\/2025\/08\/Joe-scaled-e1755249357944-1024x616.jpg\" class=\"attachment-large size-large\" alt=\"Jonce\" srcset=\"https:\/\/www.gudo.com\/wp-content\/uploads\/2025\/08\/Joe-scaled-e1755249357944-1024x616.jpg 1024w, https:\/\/www.gudo.com\/wp-content\/uploads\/2025\/08\/Joe-scaled-e1755249357944-300x180.jpg 300w, https:\/\/www.gudo.com\/wp-content\/uploads\/2025\/08\/Joe-scaled-e1755249357944-768x462.jpg 768w, https:\/\/www.gudo.com\/wp-content\/uploads\/2025\/08\/Joe-scaled-e1755249357944-1536x924.jpg 1536w, https:\/\/www.gudo.com\/wp-content\/uploads\/2025\/08\/Joe-scaled-e1755249357944-2048x1232.jpg 2048w, https:\/\/www.gudo.com\/wp-content\/uploads\/2025\/08\/Joe-scaled-e1755249357944-18x12.jpg 18w\" sizes=\"auto, (max-width: 1024px) 100vw, 1024px\" \/>    <\/div>\n    <div class=\"data-wrapper\">\n        <h3 class=\"title\">Jonce Todorovski<\/h3>\n                    <span class=\"position\">Produktion<\/span>\n                            <a href=\"tel:+41 44 929 69 38\">+41 44 929 69 38<\/a>\n                            <a href=\"mailto:produktion@gudo.com\">produktion@gudo.com<\/a>\n            <\/div>\n<\/div>\n                    <div class=\"teaser post-2056 employee type-employee status-publish hentry\" href=\"https:\/\/www.gudo.com\/de\/?employee=automatisch-gespeicherter-entwurf-2\">\n    <div class=\"image-wrapper\">\n        <img loading=\"lazy\" decoding=\"async\" width=\"1024\" height=\"644\" src=\"https:\/\/www.gudo.com\/wp-content\/uploads\/2025\/08\/Tobi-scaled-e1755173072124-1024x644.jpg\" class=\"attachment-large size-large\" alt=\"Tobias\" srcset=\"https:\/\/www.gudo.com\/wp-content\/uploads\/2025\/08\/Tobi-scaled-e1755173072124-1024x644.jpg 1024w, https:\/\/www.gudo.com\/wp-content\/uploads\/2025\/08\/Tobi-scaled-e1755173072124-300x189.jpg 300w, https:\/\/www.gudo.com\/wp-content\/uploads\/2025\/08\/Tobi-scaled-e1755173072124-768x483.jpg 768w, https:\/\/www.gudo.com\/wp-content\/uploads\/2025\/08\/Tobi-scaled-e1755173072124-1536x966.jpg 1536w, https:\/\/www.gudo.com\/wp-content\/uploads\/2025\/08\/Tobi-scaled-e1755173072124-18x12.jpg 18w, https:\/\/www.gudo.com\/wp-content\/uploads\/2025\/08\/Tobi-scaled-e1755173072124.jpg 2035w\" sizes=\"auto, (max-width: 1024px) 100vw, 1024px\" \/>    <\/div>\n    <div class=\"data-wrapper\">\n        <h3 class=\"title\">Tobias Berger<\/h3>\n                    <span class=\"position\">Entwicklung \/ Konstruktion<\/span>\n                                    <a href=\"mailto:t.berger@gudo.com\">t.berger@gudo.com<\/a>\n            <\/div>\n<\/div>\n                    <div class=\"teaser post-2093 employee type-employee status-publish hentry\" href=\"https:\/\/www.gudo.com\/de\/?employee=roger-staubli\">\n    <div class=\"image-wrapper\">\n        <img loading=\"lazy\" decoding=\"async\" width=\"1024\" height=\"670\" src=\"https:\/\/www.gudo.com\/wp-content\/uploads\/2025\/08\/IMG_2371-2-scaled-e1755250307319-1024x670.jpeg\" class=\"attachment-large size-large\" alt=\"Roger\" srcset=\"https:\/\/www.gudo.com\/wp-content\/uploads\/2025\/08\/IMG_2371-2-scaled-e1755250307319-1024x670.jpeg 1024w, https:\/\/www.gudo.com\/wp-content\/uploads\/2025\/08\/IMG_2371-2-scaled-e1755250307319-300x196.jpeg 300w, https:\/\/www.gudo.com\/wp-content\/uploads\/2025\/08\/IMG_2371-2-scaled-e1755250307319-768x503.jpeg 768w, https:\/\/www.gudo.com\/wp-content\/uploads\/2025\/08\/IMG_2371-2-scaled-e1755250307319-1536x1005.jpeg 1536w, https:\/\/www.gudo.com\/wp-content\/uploads\/2025\/08\/IMG_2371-2-scaled-e1755250307319-18x12.jpeg 18w, https:\/\/www.gudo.com\/wp-content\/uploads\/2025\/08\/IMG_2371-2-scaled-e1755250307319.jpeg 1864w\" sizes=\"auto, (max-width: 1024px) 100vw, 1024px\" \/>    <\/div>\n    <div class=\"data-wrapper\">\n        <h3 class=\"title\">Roger Staubli<\/h3>\n                    <span class=\"position\">Einkauf \/ AVOR<\/span>\n                            <a href=\"tel:+41 44 929 69 35\">+41 44 929 69 35<\/a>\n                            <a href=\"mailto:r.staubli@gudo.com\">r.staubli@gudo.com<\/a>\n            <\/div>\n<\/div>\n                    <div class=\"teaser post-2475 employee type-employee status-publish hentry\" href=\"https:\/\/www.gudo.com\/de\/?employee=automatisch-gespeicherter-entwurf-3\">\n    <div class=\"image-wrapper\">\n        <img loading=\"lazy\" decoding=\"async\" width=\"1024\" height=\"595\" src=\"https:\/\/www.gudo.com\/wp-content\/uploads\/2026\/02\/IMG_9324-1024x595.jpeg\" class=\"attachment-large size-large\" alt=\"\" srcset=\"https:\/\/www.gudo.com\/wp-content\/uploads\/2026\/02\/IMG_9324-1024x595.jpeg 1024w, https:\/\/www.gudo.com\/wp-content\/uploads\/2026\/02\/IMG_9324-300x174.jpeg 300w, https:\/\/www.gudo.com\/wp-content\/uploads\/2026\/02\/IMG_9324-768x446.jpeg 768w, https:\/\/www.gudo.com\/wp-content\/uploads\/2026\/02\/IMG_9324-1536x892.jpeg 1536w, https:\/\/www.gudo.com\/wp-content\/uploads\/2026\/02\/IMG_9324-18x10.jpeg 18w, https:\/\/www.gudo.com\/wp-content\/uploads\/2026\/02\/IMG_9324.jpeg 1791w\" sizes=\"auto, (max-width: 1024px) 100vw, 1024px\" \/>    <\/div>\n    <div class=\"data-wrapper\">\n        <h3 class=\"title\">Thomas Gerber<\/h3>\n                    <span class=\"position\">Operations Manager<\/span>\n                            <a href=\"tel:+41 79 455 74 74\">+41 79 455 74 74<\/a>\n                            <a href=\"mailto:t.gerber@gudo.com\">t.gerber@gudo.com<\/a>\n            <\/div>\n<\/div>\n                    <div class=\"teaser post-485 employee type-employee status-publish hentry\" href=\"https:\/\/www.gudo.com\/de\/?employee=siri\">\n    <div class=\"image-wrapper\">\n        <img loading=\"lazy\" decoding=\"async\" width=\"1024\" height=\"666\" src=\"https:\/\/www.gudo.com\/wp-content\/uploads\/2023\/03\/Enrico-e1755173474126-1024x666.png\" class=\"attachment-large size-large\" alt=\"Enrico\" srcset=\"https:\/\/www.gudo.com\/wp-content\/uploads\/2023\/03\/Enrico-e1755173474126-1024x666.png 1024w, https:\/\/www.gudo.com\/wp-content\/uploads\/2023\/03\/Enrico-e1755173474126-300x195.png 300w, https:\/\/www.gudo.com\/wp-content\/uploads\/2023\/03\/Enrico-e1755173474126-768x500.png 768w, https:\/\/www.gudo.com\/wp-content\/uploads\/2023\/03\/Enrico-e1755173474126-18x12.png 18w, https:\/\/www.gudo.com\/wp-content\/uploads\/2023\/03\/Enrico-e1755173474126.png 1271w\" sizes=\"auto, (max-width: 1024px) 100vw, 1024px\" \/>    <\/div>\n    <div class=\"data-wrapper\">\n        <h3 class=\"title\">Enrico Maraffio<\/h3>\n                    <span class=\"position\">Inhaber \/ Entwicklung<\/span>\n                            <a href=\"tel:+41 44 929 69 32\">+41 44 929 69 32<\/a>\n                            <a href=\"mailto:e.maraffio@gudo.com\">e.maraffio@gudo.com<\/a>\n            <\/div>\n<\/div>\n                    <div class=\"teaser post-493 employee type-employee status-publish hentry\" href=\"https:\/\/www.gudo.com\/de\/?employee=siri-2-2\">\n    <div class=\"image-wrapper\">\n        <img loading=\"lazy\" decoding=\"async\" width=\"1024\" height=\"645\" src=\"https:\/\/www.gudo.com\/wp-content\/uploads\/2023\/03\/IMG_9805-3-scaled-e1755173355526-1024x645.jpeg\" class=\"attachment-large size-large\" alt=\"Karin\" srcset=\"https:\/\/www.gudo.com\/wp-content\/uploads\/2023\/03\/IMG_9805-3-scaled-e1755173355526-1024x645.jpeg 1024w, https:\/\/www.gudo.com\/wp-content\/uploads\/2023\/03\/IMG_9805-3-scaled-e1755173355526-300x189.jpeg 300w, https:\/\/www.gudo.com\/wp-content\/uploads\/2023\/03\/IMG_9805-3-scaled-e1755173355526-768x483.jpeg 768w, https:\/\/www.gudo.com\/wp-content\/uploads\/2023\/03\/IMG_9805-3-scaled-e1755173355526-1536x967.jpeg 1536w, https:\/\/www.gudo.com\/wp-content\/uploads\/2023\/03\/IMG_9805-3-scaled-e1755173355526-18x12.jpeg 18w, https:\/\/www.gudo.com\/wp-content\/uploads\/2023\/03\/IMG_9805-3-scaled-e1755173355526.jpeg 1754w\" sizes=\"auto, (max-width: 1024px) 100vw, 1024px\" \/>    <\/div>\n    <div class=\"data-wrapper\">\n        <h3 class=\"title\">Karin Hochuli<\/h3>\n                    <span class=\"position\">Auftragsabwicklung \/ Administration<\/span>\n                            <a href=\"tel:+41 44 929 69 30\">+41 44 929 69 30<\/a>\n                            <a href=\"mailto:info@gudo.com\">info@gudo.com<\/a>\n            <\/div>\n<\/div>\n                    <div class=\"teaser post-807 employee type-employee status-publish hentry\" href=\"https:\/\/www.gudo.com\/de\/?employee=colette-maraffio\">\n    <div class=\"image-wrapper\">\n        <img loading=\"lazy\" decoding=\"async\" width=\"1024\" height=\"715\" src=\"https:\/\/www.gudo.com\/wp-content\/uploads\/2023\/07\/Untitled-e1755173315341-1024x715.png\" class=\"attachment-large size-large\" alt=\"Colette\" srcset=\"https:\/\/www.gudo.com\/wp-content\/uploads\/2023\/07\/Untitled-e1755173315341-1024x715.png 1024w, https:\/\/www.gudo.com\/wp-content\/uploads\/2023\/07\/Untitled-e1755173315341-300x209.png 300w, https:\/\/www.gudo.com\/wp-content\/uploads\/2023\/07\/Untitled-e1755173315341-768x536.png 768w, https:\/\/www.gudo.com\/wp-content\/uploads\/2023\/07\/Untitled-e1755173315341-18x12.png 18w, https:\/\/www.gudo.com\/wp-content\/uploads\/2023\/07\/Untitled-e1755173315341.png 1158w\" sizes=\"auto, (max-width: 1024px) 100vw, 1024px\" \/>    <\/div>\n    <div class=\"data-wrapper\">\n        <h3 class=\"title\">Colette Maraffio<\/h3>\n                    <span class=\"position\">Finanzen \/ Personal<\/span>\n                            <a href=\"tel:+41 44 929 69 37\">+41 44 929 69 37<\/a>\n                            <a href=\"mailto:c.maraffio@gudo.com\">c.maraffio@gudo.com<\/a>\n            <\/div>\n<\/div>\n            <\/div>\n<\/turbo-frame><\/div>\n","protected":false},"excerpt":{"rendered":"<p>Das GUDO AG Team Wir m\u00f6chten Ihnen gerne unser Team vorstellen &#8211; eine Gruppe von motivierten und engagierten Mitgliedern, die das Fundament unseres Erfolgs bilden. Durch ihre Fachkenntnisse, Hilfsbereitschaft und Aufmerksamkeit gew\u00e4hrleisten sie, dass jeder unserer Kunden die bestm\u00f6gliche Betreuung und Unterst\u00fctzung erh\u00e4lt.<\/p>\n","protected":false},"author":1,"featured_media":0,"parent":513,"menu_order":0,"comment_status":"closed","ping_status":"closed","template":"","meta":{"footnotes":""},"class_list":["post-61","page","type-page","status-publish","hentry"],"acf":[],"_links":{"self":[{"href":"https:\/\/www.gudo.com\/de\/wp-json\/wp\/v2\/pages\/61","targetHints":{"allow":["GET"]}}],"collection":[{"href":"https:\/\/www.gudo.com\/de\/wp-json\/wp\/v2\/pages"}],"about":[{"href":"https:\/\/www.gudo.com\/de\/wp-json\/wp\/v2\/types\/page"}],"author":[{"embeddable":true,"href":"https:\/\/www.gudo.com\/de\/wp-json\/wp\/v2\/users\/1"}],"replies":[{"embeddable":true,"href":"https:\/\/www.gudo.com\/de\/wp-json\/wp\/v2\/comments?post=61"}],"version-history":[{"count":0,"href":"https:\/\/www.gudo.com\/de\/wp-json\/wp\/v2\/pages\/61\/revisions"}],"up":[{"embeddable":true,"href":"https:\/\/www.gudo.com\/de\/wp-json\/wp\/v2\/pages\/513"}],"wp:attachment":[{"href":"https:\/\/www.gudo.com\/de\/wp-json\/wp\/v2\/media?parent=61"}],"curies":[{"name":"wp","href":"https:\/\/api.w.org\/{rel}","templated":true}]}}