{"id":750,"date":"2023-03-30T13:06:45","date_gmt":"2023-03-30T11:06:45","guid":{"rendered":"https:\/\/gudo.dev.hayloft-it.ch\/?page_id=750"},"modified":"2025-09-09T10:37:03","modified_gmt":"2025-09-09T08:37:03","slug":"entwicklung","status":"publish","type":"page","link":"https:\/\/www.gudo.com\/de\/dienstleistungen\/entwicklung\/","title":{"rendered":"Entwicklung"},"content":{"rendered":"\n<h1 class=\"wp-block-heading\">Produktentwicklung und Design \u2013 Ihre Vision, unsere Expertise<\/h1>\n\n\n\n<p>Wir entwickeln innovative Produkte, die durch \u00fcberzeugende Funktionen, modernes Design und wirtschaftliche Umsetzbarkeit \u00fcberzeugen. Mit unserer langj\u00e4hrigen Erfahrung in der Branche bieten wir Ihnen umfassende Beratung und massgeschneiderte L\u00f6sungen, um Ihre Ideen erfolgreich in die Tat umzusetzen.<\/p>\n\n\n\n<h3 class=\"wp-block-heading\">Unsere Leistungen im \u00dcberblick<\/h3>\n\n\n\n<h5 class=\"wp-block-heading\"><strong>Produktentwicklung: Von der Idee zur Serienreife<\/strong><\/h5>\n\n\n\n<p>Unsere Experten unterst\u00fctzen Sie in jeder Phase der Produktentwicklung \u2013 von der ersten Idee bis zur Markteinf\u00fchrung. Wir bieten:<\/p>\n\n\n\n<ul class=\"wp-block-list\">\n<li><strong>Wirtschaftlichkeitsanalysen<\/strong>: Pr\u00fcfung von Investitions- und Produktkosten f\u00fcr fundierte Entscheidungen.<\/li>\n\n\n\n<li><strong>Strategische Planung<\/strong>: Orientierungshilfen bereits in der Konzeptphase, um Risiken zu minimieren.<\/li>\n\n\n\n<li><strong>Branchenexpertise<\/strong>: Langj\u00e4hrige Erfahrung f\u00fcr innovative und marktf\u00e4hige L\u00f6sungen.<\/li>\n<\/ul>\n\n\n\n<p>Mit einem Fokus auf Effizienz und Qualit\u00e4t stellen wir sicher, dass Ihr Produkt den Anforderungen des Marktes entspricht und Ihre Kunden begeistert.<\/p>\n\n\n\n<div class=\"wp-block-media-text is-stacked-on-mobile\" style=\"grid-template-columns:39% auto\"><figure class=\"wp-block-media-text__media\" data-no-zoom=\"true\"><img loading=\"lazy\" decoding=\"async\" width=\"600\" height=\"400\" src=\"https:\/\/www.gudo.com\/wp-content\/uploads\/2023\/03\/gudo-design.jpg\" alt=\"Design\n\" class=\"wp-image-768 size-full\" srcset=\"https:\/\/www.gudo.com\/wp-content\/uploads\/2023\/03\/gudo-design.jpg 600w, https:\/\/www.gudo.com\/wp-content\/uploads\/2023\/03\/gudo-design-300x200.jpg 300w, https:\/\/www.gudo.com\/wp-content\/uploads\/2023\/03\/gudo-design-18x12.jpg 18w\" sizes=\"auto, (max-width: 600px) 100vw, 600px\" \/><figcaption>Prototyp Ski-Schuh-Schnalle<br \/>\nUnsere Prototypen werden direkt im zuk\u00fcnftigen Umfeld getestet.<\/figcaption><\/figure><div class=\"wp-block-media-text__content\">\n<h3 class=\"wp-block-heading\" id=\"design\">Design: Massgeschneidert und zukunftssicher<\/h3>\n\n\n\n<p>Unser Designprozess beginnt mit einer detaillierten Analyse Ihrer Anforderungen, um technisch und wirtschaftlich optimale L\u00f6sungen zu entwickeln. Unsere Leistungen umfassen:<\/p>\n\n\n\n<ul class=\"wp-block-list\">\n<li><strong>Individuelle Designs<\/strong>: Massgeschneiderte L\u00f6sungen, die Ihre Marke und Ziele widerspiegeln.<\/li>\n\n\n\n<li><strong>Innovative Trends<\/strong>: Integration aktueller Design- und Technologietrends f\u00fcr zukunftssichere Produkte.<\/li>\n\n\n\n<li><strong>Kundenzentrierter Ansatz<\/strong>: Enge Zusammenarbeit, um Ihre Vision pr\u00e4zise umzusetzen.<\/li>\n<\/ul>\n\n\n\n<p>Wir legen Wert auf \u00c4sthetik, Funktionalit\u00e4t und Wirtschaftlichkeit, um Ihr Produkt von der Konkurrenz abzuheben.<\/p>\n<\/div><\/div>\n\n\n\n<div class=\"wp-block-media-text alignwide has-media-on-the-right is-stacked-on-mobile\"><div class=\"wp-block-media-text__content\">\n<h3 class=\"wp-block-heading\" id=\"engineering\">Engineering: Pr\u00e4zision und Effizienz<\/h3>\n\n\n\n<p>Unser Engineering-Team optimiert den Herstellungsprozess, um eine kosteneffiziente und qualitativ hochwertige Produktion zu gew\u00e4hrleisten. Wir bieten:<\/p>\n\n\n\n<ul class=\"wp-block-list\">\n<li><strong>Prozessoptimierung<\/strong>: Effiziente Fertigungsprozesse f\u00fcr eine schnelle Markteinf\u00fchrung.<\/li>\n\n\n\n<li><strong>Technologische Innovationen<\/strong>: Einsatz modernster Technologien f\u00fcr zukunftsweisende L\u00f6sungen.<\/li>\n\n\n\n<li><strong>Schulungen<\/strong>: Trainings f\u00fcr Ihr Team, um unsere Produkte und Prozesse optimal zu nutzen.<\/li>\n<\/ul>\n\n\n\n<p>Von der Konzeption bis zur Serienproduktion begleiten wir Sie mit technischem Know-how und Engagement.<\/p>\n<\/div><figure class=\"wp-block-media-text__media\" data-no-zoom=\"true\"><img loading=\"lazy\" decoding=\"async\" width=\"600\" height=\"400\" src=\"https:\/\/www.gudo.com\/wp-content\/uploads\/2023\/03\/gudo-prototype-3D-pullit.jpg\" alt=\"3D Zeichnung auf Basis Solid Works\" class=\"wp-image-771 size-full\" srcset=\"https:\/\/www.gudo.com\/wp-content\/uploads\/2023\/03\/gudo-prototype-3D-pullit.jpg 600w, https:\/\/www.gudo.com\/wp-content\/uploads\/2023\/03\/gudo-prototype-3D-pullit-300x200.jpg 300w, https:\/\/www.gudo.com\/wp-content\/uploads\/2023\/03\/gudo-prototype-3D-pullit-18x12.jpg 18w\" sizes=\"auto, (max-width: 600px) 100vw, 600px\" \/><figcaption>3D Zeichnung auf Basis Solid Works<br \/>\nUnsere Entwicklungen werden mit dem 3D CAD Programm von Solid Works erstellt.<\/figcaption><\/figure><\/div>\n\n\n\n<div class=\"wp-block-media-text alignwide is-stacked-on-mobile\"><figure class=\"wp-block-media-text__media\" data-no-zoom=\"true\"><img loading=\"lazy\" decoding=\"async\" width=\"600\" height=\"400\" src=\"https:\/\/www.gudo.com\/wp-content\/uploads\/2023\/03\/gudo-skischuhschnalle.jpg\" alt=\"Prototyp Skischuhschnalle\" class=\"wp-image-772 size-full\" srcset=\"https:\/\/www.gudo.com\/wp-content\/uploads\/2023\/03\/gudo-skischuhschnalle.jpg 600w, https:\/\/www.gudo.com\/wp-content\/uploads\/2023\/03\/gudo-skischuhschnalle-300x200.jpg 300w, https:\/\/www.gudo.com\/wp-content\/uploads\/2023\/03\/gudo-skischuhschnalle-18x12.jpg 18w\" sizes=\"auto, (max-width: 600px) 100vw, 600px\" \/><figcaption>Prototyp Skischuhschnalle<br \/>\nUnsere Prototypen werden direkt im zuk\u00fcnftigen Umfeld getestet.<\/figcaption><\/figure><div class=\"wp-block-media-text__content\">\n<h3 class=\"wp-block-heading\" id=\"prototyping\">Prototyping: Schnell, pr\u00e4zise, marktbereit<\/h3>\n\n\n\n<p>Prototypen sind der Schl\u00fcssel zu einer erfolgreichen Produktentwicklung. Wir bieten:<\/p>\n\n\n\n<ul class=\"wp-block-list\">\n<li><strong>Fr\u00fchzeitige Tests<\/strong>: Prototypen erm\u00f6glichen die Identifikation und L\u00f6sung potenzieller Probleme vor der Serienproduktion.<\/li>\n\n\n\n<li><strong>Effiziente Montage<\/strong>: Optimierung der Produktionsprozesse f\u00fcr geringere Kosten und schnellere Markteinf\u00fchrung.<\/li>\n\n\n\n<li><strong>Flexibilit\u00e4t<\/strong>: Anpassungen und Verbesserungen vor der finalen Produktion.<\/li>\n<\/ul>\n\n\n\n<p>Unsere Prototyping-Dienstleistungen minimieren Risiken und maximieren die Produktqualit\u00e4t.<\/p>\n<\/div><\/div>\n","protected":false},"excerpt":{"rendered":"<p>Produktentwicklung und Design \u2013 Ihre Vision, unsere Expertise Wir entwickeln innovative Produkte, die durch \u00fcberzeugende Funktionen, modernes Design und wirtschaftliche Umsetzbarkeit \u00fcberzeugen. Mit unserer langj\u00e4hrigen Erfahrung in der Branche bieten wir Ihnen umfassende Beratung und massgeschneiderte L\u00f6sungen, um Ihre Ideen erfolgreich in die Tat umzusetzen. Unsere Leistungen im \u00dcberblick Produktentwicklung: Von der Idee zur Serienreife [&hellip;]<\/p>\n","protected":false},"author":1,"featured_media":0,"parent":57,"menu_order":0,"comment_status":"closed","ping_status":"closed","template":"","meta":{"footnotes":""},"class_list":["post-750","page","type-page","status-publish","hentry"],"acf":[],"_links":{"self":[{"href":"https:\/\/www.gudo.com\/de\/wp-json\/wp\/v2\/pages\/750","targetHints":{"allow":["GET"]}}],"collection":[{"href":"https:\/\/www.gudo.com\/de\/wp-json\/wp\/v2\/pages"}],"about":[{"href":"https:\/\/www.gudo.com\/de\/wp-json\/wp\/v2\/types\/page"}],"author":[{"embeddable":true,"href":"https:\/\/www.gudo.com\/de\/wp-json\/wp\/v2\/users\/1"}],"replies":[{"embeddable":true,"href":"https:\/\/www.gudo.com\/de\/wp-json\/wp\/v2\/comments?post=750"}],"version-history":[{"count":0,"href":"https:\/\/www.gudo.com\/de\/wp-json\/wp\/v2\/pages\/750\/revisions"}],"up":[{"embeddable":true,"href":"https:\/\/www.gudo.com\/de\/wp-json\/wp\/v2\/pages\/57"}],"wp:attachment":[{"href":"https:\/\/www.gudo.com\/de\/wp-json\/wp\/v2\/media?parent=750"}],"curies":[{"name":"wp","href":"https:\/\/api.w.org\/{rel}","templated":true}]}}