{"id":755,"date":"2023-03-30T13:08:10","date_gmt":"2023-03-30T11:08:10","guid":{"rendered":"https:\/\/gudo.dev.hayloft-it.ch\/?page_id=755"},"modified":"2024-11-08T14:18:38","modified_gmt":"2024-11-08T13:18:38","slug":"produktion","status":"publish","type":"page","link":"https:\/\/www.gudo.com\/de\/dienstleistungen\/produktion\/","title":{"rendered":"Produktion"},"content":{"rendered":"\n<h1 class=\"wp-block-heading\">Produktion<\/h1>\n\n\n\n<p>Gudo bleibt weiterhin dem Produktionsstandort Schweiz treu und wird auch in Zukunft auf ihn vertrauen. In unserer Fabrik in Lupfig verwenden wir innovative Produktionsverfahren. Neben dem Kernprozess des Kunststoff-Spritzgiessens haben wir eine Vielzahl weiterer Fertigungs- und Montageverfahren.<\/p>\n\n\n\n<div class=\"wp-block-media-text alignwide is-stacked-on-mobile\"><figure class=\"wp-block-media-text__media\" data-no-zoom=\"true\"><img loading=\"lazy\" decoding=\"async\" width=\"600\" height=\"400\" src=\"https:\/\/www.gudo.com\/wp-content\/uploads\/2023\/03\/gudo-maschinenpark.jpg\" alt=\"Kunststoffspritztechnik\" class=\"wp-image-777 size-full\" srcset=\"https:\/\/www.gudo.com\/wp-content\/uploads\/2023\/03\/gudo-maschinenpark.jpg 600w, https:\/\/www.gudo.com\/wp-content\/uploads\/2023\/03\/gudo-maschinenpark-300x200.jpg 300w, https:\/\/www.gudo.com\/wp-content\/uploads\/2023\/03\/gudo-maschinenpark-18x12.jpg 18w\" sizes=\"auto, (max-width: 600px) 100vw, 600px\" \/><figcaption>Maschinenpark<br \/>\nUnsere 10 Spritzgussmaschinen in 1 oder 2-Komponenten Technik, sowie Beladeroboter.<\/figcaption><\/figure><div class=\"wp-block-media-text__content\">\n<h2 class=\"wp-block-heading\" id=\"kunststoffspritztechnik\">Kunststoffspritztechnik<\/h2>\n\n\n\n<p>Unsere hochmodernen Maschinen arbeiten mit <strong>Schliesskr\u00e4ften von 25 bis 210 Tonnen<\/strong> und bieten die M\u00f6glichkeit eines Beladeroboters. Dar\u00fcber hinaus nutzen wir die fortschrittliche <strong>2-Komponenten-Technologie<\/strong>, die eine Vielzahl von Funktionen und Designm\u00f6glichkeiten er\u00f6ffnet.<\/p>\n<\/div><\/div>\n\n\n\n<div class=\"wp-block-media-text alignwide has-media-on-the-right is-stacked-on-mobile\"><div class=\"wp-block-media-text__content\">\n<h2 class=\"wp-block-heading\" id=\"stanztechnik\">Stanztechnik<\/h2>\n\n\n\n<p>Zus\u00e4tzlich haben wir eine grosse Auswahl an speziell f\u00fcr die Herstellung unserer Stahlprodukte entwickelten Stanzwerkzeugen zur Verf\u00fcgung. Wir arbeiten mit externen Dienstleistern zusammen, um das Stanzen durchzuf\u00fchren. Dadurch k\u00f6nnen wir sicherstellen, dass unsere Kunden hochwertige und pr\u00e4zise gestanzte Teile erhalten.<\/p>\n<\/div><figure class=\"wp-block-media-text__media\" data-no-zoom=\"true\"><img loading=\"lazy\" decoding=\"async\" width=\"600\" height=\"400\" src=\"https:\/\/www.gudo.com\/wp-content\/uploads\/2023\/03\/gudo-stanzstreifen.jpg\" alt=\"Diverse Gudo Stanzwerkzeuge\n\" class=\"wp-image-779 size-full\" srcset=\"https:\/\/www.gudo.com\/wp-content\/uploads\/2023\/03\/gudo-stanzstreifen.jpg 600w, https:\/\/www.gudo.com\/wp-content\/uploads\/2023\/03\/gudo-stanzstreifen-300x200.jpg 300w, https:\/\/www.gudo.com\/wp-content\/uploads\/2023\/03\/gudo-stanzstreifen-18x12.jpg 18w\" sizes=\"auto, (max-width: 600px) 100vw, 600px\" \/><figcaption>Diverse Gudo Stanzwerkzeuge<br \/>\nS\u00e4mtliche Stanzarbeiten werden auf unseren Werkzeugen an unseren Parnter vergeben.<\/figcaption><\/figure><\/div>\n\n\n\n<div class=\"wp-block-media-text alignwide is-stacked-on-mobile\"><figure class=\"wp-block-media-text__media\" data-no-zoom=\"true\"><img loading=\"lazy\" decoding=\"async\" width=\"600\" height=\"400\" src=\"https:\/\/www.gudo.com\/wp-content\/uploads\/2023\/03\/gudo-ultraschall-schweissen.jpg\" alt=\"Ultraschallschweissautomat\n\" class=\"wp-image-780 size-full\" srcset=\"https:\/\/www.gudo.com\/wp-content\/uploads\/2023\/03\/gudo-ultraschall-schweissen.jpg 600w, https:\/\/www.gudo.com\/wp-content\/uploads\/2023\/03\/gudo-ultraschall-schweissen-300x200.jpg 300w, https:\/\/www.gudo.com\/wp-content\/uploads\/2023\/03\/gudo-ultraschall-schweissen-18x12.jpg 18w\" sizes=\"auto, (max-width: 600px) 100vw, 600px\" \/><figcaption>Ultraschallschweissautomat<br \/>\nMit unserem Ultraschallschweissautomat werden diverse Kunststoffteile verarbeitet.<\/figcaption><\/figure><div class=\"wp-block-media-text__content\">\n<h2 class=\"wp-block-heading\" id=\"weitere-produktionsschritte\">Weitere Produktionsschritte<\/h2>\n\n\n\n<p>Neben unseren bisherigen Dienstleistungen k\u00f6nnen wir Ihnen auch zus\u00e4tzliche Produktionsschritte anbieten, die Ihre Anforderungen noch besser erf\u00fcllen. Dazu geh\u00f6ren beispielsweise <strong>professionelles Nieten oder effizientes Ultraschallschweissen<\/strong>, mit denen wir Ihre Produkte noch spezifischer und vielseitiger gestalten k\u00f6nnen.<\/p>\n<\/div><\/div>\n\n\n<\/p>\n\n\n\n<figure class=\"wp-block-embed is-type-rich is-provider-handler-einbetten wp-block-embed-handler-einbetten wp-embed-aspect-16-9 wp-has-aspect-ratio\"><div class=\"wp-block-embed__wrapper\">\n<iframe loading=\"lazy\" title=\"Produktion mit dem 3D Drucker  |  Gudo AG Switzerland\" width=\"500\" height=\"281\" src=\"https:\/\/www.youtube.com\/embed\/q2eK5zreP_E?feature=oembed&#038;enablejsapi=1\" frameborder=\"0\" allow=\"accelerometer; autoplay; clipboard-write; encrypted-media; gyroscope; picture-in-picture; web-share\" referrerpolicy=\"strict-origin-when-cross-origin\" allowfullscreen><\/iframe>\n<\/div><\/figure>\n\n\n<p>\n\n\n\n","protected":false},"excerpt":{"rendered":"<p>Produktion Gudo bleibt weiterhin dem Produktionsstandort Schweiz treu und wird auch in Zukunft auf ihn vertrauen. In unserer Fabrik in Lupfig verwenden wir innovative Produktionsverfahren. Neben dem Kernprozess des Kunststoff-Spritzgiessens haben wir eine Vielzahl weiterer Fertigungs- und Montageverfahren. Maschinenpark Unsere 10 Spritzgussmaschinen in 1 oder 2-Komponenten Technik, sowie Beladeroboter. Kunststoffspritztechnik Unsere hochmodernen Maschinen arbeiten mit [&hellip;]<\/p>\n","protected":false},"author":1,"featured_media":0,"parent":57,"menu_order":0,"comment_status":"closed","ping_status":"closed","template":"","meta":{"footnotes":""},"class_list":["post-755","page","type-page","status-publish","hentry"],"acf":[],"_links":{"self":[{"href":"https:\/\/www.gudo.com\/de\/wp-json\/wp\/v2\/pages\/755","targetHints":{"allow":["GET"]}}],"collection":[{"href":"https:\/\/www.gudo.com\/de\/wp-json\/wp\/v2\/pages"}],"about":[{"href":"https:\/\/www.gudo.com\/de\/wp-json\/wp\/v2\/types\/page"}],"author":[{"embeddable":true,"href":"https:\/\/www.gudo.com\/de\/wp-json\/wp\/v2\/users\/1"}],"replies":[{"embeddable":true,"href":"https:\/\/www.gudo.com\/de\/wp-json\/wp\/v2\/comments?post=755"}],"version-history":[{"count":0,"href":"https:\/\/www.gudo.com\/de\/wp-json\/wp\/v2\/pages\/755\/revisions"}],"up":[{"embeddable":true,"href":"https:\/\/www.gudo.com\/de\/wp-json\/wp\/v2\/pages\/57"}],"wp:attachment":[{"href":"https:\/\/www.gudo.com\/de\/wp-json\/wp\/v2\/media?parent=755"}],"curies":[{"name":"wp","href":"https:\/\/api.w.org\/{rel}","templated":true}]}}