{"id":757,"date":"2023-03-30T13:08:33","date_gmt":"2023-03-30T11:08:33","guid":{"rendered":"https:\/\/gudo.dev.hayloft-it.ch\/?page_id=757"},"modified":"2024-10-09T14:01:40","modified_gmt":"2024-10-09T12:01:40","slug":"montage","status":"publish","type":"page","link":"https:\/\/www.gudo.com\/de\/dienstleistungen\/montage\/","title":{"rendered":"Montage"},"content":{"rendered":"\n<h1 class=\"wp-block-heading\">Montage<\/h1>\n\n\n\n<p>Qualit\u00e4t und Flexibilit\u00e4t sind f\u00fcr uns von grosser Bedeutung. Unsere funktionalen Systeme werden entweder als einsatzbereite Module oder als einzelne Komponenten geliefert.<\/p>\n\n\n\n<p>Unsere Montagesysteme sind so konzipiert, dass sie flexibel einsetzbar sind, was es uns erm\u00f6glicht, auch kleinere Mengen schnell und kosteng\u00fcnstig herzustellen. Die Tatsache, dass wir dies immer wieder erfolgreich umsetzen k\u00f6nnen, spiegelt sich in der hohen Zufriedenheit unserer Kunden wider.<\/p>\n\n\n\n<div class=\"wp-block-media-text alignwide is-stacked-on-mobile\"><figure class=\"wp-block-media-text__media\" data-no-zoom=\"true\"><img loading=\"lazy\" decoding=\"async\" width=\"600\" height=\"400\" src=\"https:\/\/www.gudo.com\/wp-content\/uploads\/2023\/03\/gudo-montage.jpg\" alt=\"Montage\" class=\"wp-image-782 size-full\" srcset=\"https:\/\/www.gudo.com\/wp-content\/uploads\/2023\/03\/gudo-montage.jpg 600w, https:\/\/www.gudo.com\/wp-content\/uploads\/2023\/03\/gudo-montage-300x200.jpg 300w, https:\/\/www.gudo.com\/wp-content\/uploads\/2023\/03\/gudo-montage-18x12.jpg 18w\" sizes=\"auto, (max-width: 600px) 100vw, 600px\" \/><figcaption>Montage<br \/>\nFlexible Montagezellen garantieren eine kosteng\u00fcnstige L\u00f6sung auch bei Kleinserien.<\/figcaption><\/figure><div class=\"wp-block-media-text__content\">\n<h2 class=\"wp-block-heading\" id=\"montage\">Montage<\/h2>\n\n\n\n<p>Unabh\u00e4ngig davon, ob es sich um grosse oder kleine Produktionsmengen handelt, erm\u00f6glichen uns <strong>flexible Montageanlagen<\/strong>, die vielf\u00e4ltigen Anforderungen effizient, kosteng\u00fcnstig und termingerecht zu erf\u00fcllen. Durch den Einsatz solcher Anlagen k\u00f6nnen wir flexibel auf die Bed\u00fcrfnisse unserer Kunden reagieren und gleichzeitig eine hohe Qualit\u00e4t in der Produktion gew\u00e4hrleisten. Damit sind wir in der Lage, massgeschneiderte L\u00f6sungen anzubieten und einen wettbewerbsf\u00e4higen Vorteil auf dem Markt zu erzielen.<\/p>\n<\/div><\/div>\n\n\n\n<div class=\"wp-block-media-text alignwide has-media-on-the-right is-stacked-on-mobile\"><div class=\"wp-block-media-text__content\">\n<h2 class=\"wp-block-heading\" id=\"funktions-und-qualittsprfung\">Funktions- und Qualit\u00e4tspr\u00fcfung<\/h2>\n\n\n\n<p>Um sicherzustellen, dass wir unseren Anspruch an kontinuierliche Verbesserung erf\u00fcllen, haben wir Massnahmen ergriffen, um sicherzustellen, dass unsere Mitarbeiter regelm\u00e4ssig geschult und trainiert werden. Dadurch m\u00f6chten wir sicherstellen, dass ihre F\u00e4higkeiten und Kenntnisse kontinuierlich erweitert werden und sie stets auf dem neuesten Stand der Branchenstandards sind. Zus\u00e4tzlich haben wir <strong>interne \u00dcberpr\u00fcfungen und Qualit\u00e4tskontrollen<\/strong> eingef\u00fchrt, um die Effektivit\u00e4t unserer Prozesse zu \u00fcberwachen. Auf diese Weise k\u00f6nnen potenzielle Probleme fr\u00fchzeitig erkannt und behoben werden. Durch diesen fortlaufenden Pr\u00fcfungs- und Anpassungsprozess streben wir eine noch h\u00f6here Qualit\u00e4t an und arbeiten kontinuierlich daran, eine Nullfehlerquote zu erreichen.<\/p>\n<\/div><figure class=\"wp-block-media-text__media\" data-no-zoom=\"true\"><img loading=\"lazy\" decoding=\"async\" width=\"600\" height=\"400\" src=\"https:\/\/www.gudo.com\/wp-content\/uploads\/2023\/03\/gudo-lager.jpg\" alt=\"Hochregallager\" class=\"wp-image-784 size-full\" srcset=\"https:\/\/www.gudo.com\/wp-content\/uploads\/2023\/03\/gudo-lager.jpg 600w, https:\/\/www.gudo.com\/wp-content\/uploads\/2023\/03\/gudo-lager-300x200.jpg 300w, https:\/\/www.gudo.com\/wp-content\/uploads\/2023\/03\/gudo-lager-18x12.jpg 18w\" sizes=\"auto, (max-width: 600px) 100vw, 600px\" \/><figcaption>Hochregallager<br \/>\nDurch unser umfangreiches Lager k\u00f6nnen wir auch kurzsfristig unsere Standardprodukte termingerecht liefern.<\/figcaption><\/figure><\/div>\n","protected":false},"excerpt":{"rendered":"<p>Montage Qualit\u00e4t und Flexibilit\u00e4t sind f\u00fcr uns von grosser Bedeutung. Unsere funktionalen Systeme werden entweder als einsatzbereite Module oder als einzelne Komponenten geliefert. Unsere Montagesysteme sind so konzipiert, dass sie flexibel einsetzbar sind, was es uns erm\u00f6glicht, auch kleinere Mengen schnell und kosteng\u00fcnstig herzustellen. Die Tatsache, dass wir dies immer wieder erfolgreich umsetzen k\u00f6nnen, spiegelt [&hellip;]<\/p>\n","protected":false},"author":1,"featured_media":0,"parent":57,"menu_order":0,"comment_status":"closed","ping_status":"closed","template":"","meta":{"footnotes":""},"class_list":["post-757","page","type-page","status-publish","hentry"],"acf":[],"_links":{"self":[{"href":"https:\/\/www.gudo.com\/de\/wp-json\/wp\/v2\/pages\/757","targetHints":{"allow":["GET"]}}],"collection":[{"href":"https:\/\/www.gudo.com\/de\/wp-json\/wp\/v2\/pages"}],"about":[{"href":"https:\/\/www.gudo.com\/de\/wp-json\/wp\/v2\/types\/page"}],"author":[{"embeddable":true,"href":"https:\/\/www.gudo.com\/de\/wp-json\/wp\/v2\/users\/1"}],"replies":[{"embeddable":true,"href":"https:\/\/www.gudo.com\/de\/wp-json\/wp\/v2\/comments?post=757"}],"version-history":[{"count":0,"href":"https:\/\/www.gudo.com\/de\/wp-json\/wp\/v2\/pages\/757\/revisions"}],"up":[{"embeddable":true,"href":"https:\/\/www.gudo.com\/de\/wp-json\/wp\/v2\/pages\/57"}],"wp:attachment":[{"href":"https:\/\/www.gudo.com\/de\/wp-json\/wp\/v2\/media?parent=757"}],"curies":[{"name":"wp","href":"https:\/\/api.w.org\/{rel}","templated":true}]}}